{"id":16895,"date":"2025-09-15T01:44:35","date_gmt":"2025-09-15T08:44:35","guid":{"rendered":"https:\/\/www.lansitec.com\/?page_id=16895"},"modified":"2025-09-15T22:53:52","modified_gmt":"2025-09-16T05:53:52","slug":"once-the-device-becomes-functional-do-you-have-any-capability-of-running-end-to-end-system-level-testing","status":"publish","type":"page","link":"https:\/\/www.lansitec.com\/pt\/perguntas-frequentes\/assim-que-o-dispositivo-estiver-funcional-voce-tera-alguma-capacidade-de-executar-testes-de-sistema-de-ponta-a-ponta\/","title":{"rendered":"Depois que o dispositivo estiver funcional, voc\u00ea ter\u00e1 capacidade de executar testes de ponta a ponta no n\u00edvel do sistema?"},"content":{"rendered":"<p>Sim. Temos nossa f\u00e1brica em Nanjing, um fabricante terceirizado (CM) em Nanjing e outro CM na Mal\u00e1sia.<\/p>\n\n\n\n<p>Para o produto, podemos realizar testes de desempenho \u2014 por exemplo, transmitindo 100 ou 500 pacotes \u2014 para avaliar a funcionalidade do Bluetooth, Wi-Fi e GNSS. Tamb\u00e9m podemos usar um analisador de espectro ou testes de desempenho adicionais para verificar o desempenho geral do produto.<\/p>","protected":false},"excerpt":{"rendered":"<p>Yes. We have our factory in Nanjing, a contract manufacturer (CM) in Nanjing, and another CM in Malaysia. For the product, we can perform performance tests \u2014 for example, transmitting 100 or 500 packets \u2014 to evaluate Bluetooth, Wi-Fi, and GNSS functionality. We can also use a spectrum analyzer or additional performance tests to verify&hellip;&nbsp;<a href=\"https:\/\/www.lansitec.com\/pt\/perguntas-frequentes\/assim-que-o-dispositivo-estiver-funcional-voce-tera-alguma-capacidade-de-executar-testes-de-sistema-de-ponta-a-ponta\/\" rel=\"bookmark\">Ler mais \u00bb<span class=\"screen-reader-text\">Depois que o dispositivo estiver funcional, voc\u00ea ter\u00e1 capacidade de executar testes de ponta a ponta no n\u00edvel do sistema?<\/span><\/a><\/p>","protected":false},"author":1,"featured_media":0,"parent":16835,"menu_order":0,"comment_status":"closed","ping_status":"closed","template":"","meta":{"neve_meta_sidebar":"","neve_meta_container":"","neve_meta_enable_content_width":"","neve_meta_content_width":0,"neve_meta_title_alignment":"","neve_meta_author_avatar":"","neve_post_elements_order":"","neve_meta_disable_header":"","neve_meta_disable_footer":"","neve_meta_disable_title":"","footnotes":""},"class_list":["post-16895","page","type-page","status-publish","hentry"],"_links":{"self":[{"href":"https:\/\/www.lansitec.com\/pt\/wp-json\/wp\/v2\/pages\/16895","targetHints":{"allow":["GET"]}}],"collection":[{"href":"https:\/\/www.lansitec.com\/pt\/wp-json\/wp\/v2\/pages"}],"about":[{"href":"https:\/\/www.lansitec.com\/pt\/wp-json\/wp\/v2\/types\/page"}],"author":[{"embeddable":true,"href":"https:\/\/www.lansitec.com\/pt\/wp-json\/wp\/v2\/users\/1"}],"replies":[{"embeddable":true,"href":"https:\/\/www.lansitec.com\/pt\/wp-json\/wp\/v2\/comments?post=16895"}],"version-history":[{"count":0,"href":"https:\/\/www.lansitec.com\/pt\/wp-json\/wp\/v2\/pages\/16895\/revisions"}],"up":[{"embeddable":true,"href":"https:\/\/www.lansitec.com\/pt\/wp-json\/wp\/v2\/pages\/16835"}],"wp:attachment":[{"href":"https:\/\/www.lansitec.com\/pt\/wp-json\/wp\/v2\/media?parent=16895"}],"curies":[{"name":"wp","href":"https:\/\/api.w.org\/{rel}","templated":true}]}}