{"id":16900,"date":"2025-09-15T01:47:00","date_gmt":"2025-09-15T08:47:00","guid":{"rendered":"https:\/\/www.lansitec.com\/?page_id=16900"},"modified":"2025-09-15T22:55:46","modified_gmt":"2025-09-16T05:55:46","slug":"what-kinds-of-bluetooth-features-do-you-trackers-support","status":"publish","type":"page","link":"https:\/\/www.lansitec.com\/pt\/perguntas-frequentes\/que-tipos-de-recursos-bluetooth-seus-rastreadores-suportam\/","title":{"rendered":"Que tipos de recursos Bluetooth seus rastreadores suportam?"},"content":{"rendered":"<p>Para um <a href=\"https:\/\/www.lansitec.com\/de\/lorawan\/\">LoRaWAN<\/a> dispositivo, o rastreador suporta ambos <a href=\"https:\/\/www.lansitec.com\/de\/blogs\/der-ultimative-leitfaden-zu-bluetooth-scannen-vs-bluetooth-empfangen-entsperren-von-bluetooth-tracking-und-iot-beacon-leistung\/\">Recep\u00e7\u00e3o Bluetooth<\/a> e publicidade. Recebe nas proximidades <a href=\"https:\/\/www.lansitec.com\/pt\/beacons-bluetooth\/\" data-type=\"page\" data-id=\"6794\">Beacons Bluetooth<\/a>\u2018e reporta os n\u00fameros major e minor, al\u00e9m do RSSI. Tamb\u00e9m anuncia os \u00faltimos 4 bytes do DevEUI como os n\u00fameros major e minor do protocolo iBeacon.<\/p>\n\n\n\n<p>Por exemplo, 70B3D5A4D212330D, onde 0x33 \u00e9 o bit principal e 0x0D \u00e9 o bit secund\u00e1rio.<\/p>\n\n\n\n<p>O intervalo padr\u00e3o \u00e9 de 5 segundos e pode ser ajustado.<\/p>\n\n\n\n<p>Nossos protocolos Cat-1, NB-IoT e LTE-M <a href=\"https:\/\/www.lansitec.com\/de\/tracker\/\">rastreadores<\/a> Suporta ambas as funcionalidades tamb\u00e9m.<\/p>","protected":false},"excerpt":{"rendered":"<p>For a LoRaWAN device, the tracker supports both Bluetooth receiving and advertising. It receives nearby Bluetooth beacons&#8216; and reports the major and minor, and RSSI. It also advertises the last 4 byte of the DevEUI as the major and minor of the iBeacon protocol. For example, 70B3D5A4D212330D, 0x33 is major and 0x0D is minor. The&hellip;&nbsp;<a href=\"https:\/\/www.lansitec.com\/pt\/perguntas-frequentes\/que-tipos-de-recursos-bluetooth-seus-rastreadores-suportam\/\" rel=\"bookmark\">Ler mais \u00bb<span class=\"screen-reader-text\">Que tipos de recursos Bluetooth seus rastreadores suportam?<\/span><\/a><\/p>","protected":false},"author":1,"featured_media":0,"parent":16835,"menu_order":0,"comment_status":"closed","ping_status":"closed","template":"","meta":{"neve_meta_sidebar":"","neve_meta_container":"","neve_meta_enable_content_width":"","neve_meta_content_width":0,"neve_meta_title_alignment":"","neve_meta_author_avatar":"","neve_post_elements_order":"","neve_meta_disable_header":"","neve_meta_disable_footer":"","neve_meta_disable_title":"","footnotes":""},"class_list":["post-16900","page","type-page","status-publish","hentry"],"_links":{"self":[{"href":"https:\/\/www.lansitec.com\/pt\/wp-json\/wp\/v2\/pages\/16900","targetHints":{"allow":["GET"]}}],"collection":[{"href":"https:\/\/www.lansitec.com\/pt\/wp-json\/wp\/v2\/pages"}],"about":[{"href":"https:\/\/www.lansitec.com\/pt\/wp-json\/wp\/v2\/types\/page"}],"author":[{"embeddable":true,"href":"https:\/\/www.lansitec.com\/pt\/wp-json\/wp\/v2\/users\/1"}],"replies":[{"embeddable":true,"href":"https:\/\/www.lansitec.com\/pt\/wp-json\/wp\/v2\/comments?post=16900"}],"version-history":[{"count":0,"href":"https:\/\/www.lansitec.com\/pt\/wp-json\/wp\/v2\/pages\/16900\/revisions"}],"up":[{"embeddable":true,"href":"https:\/\/www.lansitec.com\/pt\/wp-json\/wp\/v2\/pages\/16835"}],"wp:attachment":[{"href":"https:\/\/www.lansitec.com\/pt\/wp-json\/wp\/v2\/media?parent=16900"}],"curies":[{"name":"wp","href":"https:\/\/api.w.org\/{rel}","templated":true}]}}