{"id":16957,"date":"2025-09-16T03:02:26","date_gmt":"2025-09-16T10:02:26","guid":{"rendered":"https:\/\/www.lansitec.com\/?page_id=16957"},"modified":"2025-09-16T03:02:27","modified_gmt":"2025-09-16T10:02:27","slug":"introduction-to-flex-tag-beacon-for-curved-uneven-or-cylindrical-surfaces","status":"publish","type":"page","link":"https:\/\/www.lansitec.com\/pt\/perguntas-frequentes\/introducao-ao-flex-tag-beacon-para-superficies-curvas-irregulares-ou-cilindricas\/","title":{"rendered":"Introdu\u00e7\u00e3o ao Flex Tag Beacon para superf\u00edcies curvas, irregulares ou cil\u00edndricas"},"content":{"rendered":"<p><a href=\"https:\/\/www.youtube.com\/@lansitec\" rel=\"nofollow noopener\" target=\"_blank\"><\/a><\/p>\n\n\n\n<figure class=\"wp-block-embed is-type-video is-provider-youtube wp-block-embed-youtube wp-embed-aspect-16-9 wp-has-aspect-ratio\"><div class=\"wp-block-embed__wrapper\">\n<div class=\"nv-iframe-embed\"><iframe title=\"Introdu\u00e7\u00e3o ao Flex Tag Beacon para superf\u00edcies curvas, irregulares ou cil\u00edndricas\" width=\"1200\" height=\"675\" src=\"https:\/\/www.youtube.com\/embed\/qOAD57PUHlc?feature=oembed\" frameborder=\"0\" allow=\"accelerometer; autoplay; clipboard-write; encrypted-media; gyroscope; picture-in-picture; web-share\" referrerpolicy=\"strict-origin-when-cross-origin\" allowfullscreen><\/iframe><\/div>\n<\/div><\/figure>\n\n\n\n<p>Obtenha a m\u00e1xima flexibilidade de instala\u00e7\u00e3o com o Lansitec <a href=\"https:\/\/www.lansitec.com\/pt\/produtos\/etiqueta-flexivel-b014\/\">Etiqueta flex\u00edvel<\/a>. Constru\u00eddo com uma base de gel de silicone macia e aderente, este beacon fixa-se sem esfor\u00e7o a superf\u00edcies curvas, irregulares ou cil\u00edndricas, sendo perfeito para rastrear ferramentas, suprimentos m\u00e9dicos ou equipamentos com exteriores n\u00e3o planos. Medindo apenas 40 \u00d7 25 \u00d7 18,6 mm, ele transmite continuamente pacotes iBeacon e suporta at\u00e9 seis quadros de publicidade exclusivos. Uma bateria tipo moeda CR1225 alimenta o dispositivo por at\u00e9 5 anos em cen\u00e1rios de uso t\u00edpicos. Para mais detalhes, visite [link para o site]. <strong><a href=\"https:\/\/www.lansitec.com\/pt\/produtos\/etiqueta-flexivel-b014\/\" data-type=\"page\" data-id=\"15868\">Etiqueta flex\u00edvel B014<\/a><\/strong>.<\/p>","protected":false},"excerpt":{"rendered":"<p>Achieve ultimate installation flexibility with the Lansitec Flex Tag. Built with a soft, adhesive-friendly silicone gel base, this beacon effortlessly attaches to curved, uneven, or cylindrical surfaces\u2014making it perfect for tracking tools, medical supplies, or equipment with non-flat exteriors. Measuring just 40 \u00d7 25 \u00d7 18.6 mm, it continuously broadcasts iBeacon packets and supports up&hellip;&nbsp;<a href=\"https:\/\/www.lansitec.com\/pt\/perguntas-frequentes\/introducao-ao-flex-tag-beacon-para-superficies-curvas-irregulares-ou-cilindricas\/\" rel=\"bookmark\">Ler mais \u00bb<span class=\"screen-reader-text\">Introdu\u00e7\u00e3o ao Flex Tag Beacon para superf\u00edcies curvas, irregulares ou cil\u00edndricas<\/span><\/a><\/p>","protected":false},"author":1,"featured_media":0,"parent":16835,"menu_order":0,"comment_status":"closed","ping_status":"closed","template":"","meta":{"neve_meta_sidebar":"","neve_meta_container":"","neve_meta_enable_content_width":"","neve_meta_content_width":0,"neve_meta_title_alignment":"","neve_meta_author_avatar":"","neve_post_elements_order":"","neve_meta_disable_header":"","neve_meta_disable_footer":"","neve_meta_disable_title":"","footnotes":""},"class_list":["post-16957","page","type-page","status-publish","hentry"],"_links":{"self":[{"href":"https:\/\/www.lansitec.com\/pt\/wp-json\/wp\/v2\/pages\/16957","targetHints":{"allow":["GET"]}}],"collection":[{"href":"https:\/\/www.lansitec.com\/pt\/wp-json\/wp\/v2\/pages"}],"about":[{"href":"https:\/\/www.lansitec.com\/pt\/wp-json\/wp\/v2\/types\/page"}],"author":[{"embeddable":true,"href":"https:\/\/www.lansitec.com\/pt\/wp-json\/wp\/v2\/users\/1"}],"replies":[{"embeddable":true,"href":"https:\/\/www.lansitec.com\/pt\/wp-json\/wp\/v2\/comments?post=16957"}],"version-history":[{"count":0,"href":"https:\/\/www.lansitec.com\/pt\/wp-json\/wp\/v2\/pages\/16957\/revisions"}],"up":[{"embeddable":true,"href":"https:\/\/www.lansitec.com\/pt\/wp-json\/wp\/v2\/pages\/16835"}],"wp:attachment":[{"href":"https:\/\/www.lansitec.com\/pt\/wp-json\/wp\/v2\/media?parent=16957"}],"curies":[{"name":"wp","href":"https:\/\/api.w.org\/{rel}","templated":true}]}}