{"id":16963,"date":"2025-09-16T03:25:45","date_gmt":"2025-09-16T10:25:45","guid":{"rendered":"https:\/\/www.lansitec.com\/?page_id=16963"},"modified":"2025-09-24T00:06:53","modified_gmt":"2025-09-24T07:06:53","slug":"helmet-sensor-deployment-and-positioning-demo","status":"publish","type":"page","link":"https:\/\/www.lansitec.com\/pt\/perguntas-frequentes\/demonstracao-de-implantacao-e-posicionamento-do-sensor-no-capacete\/","title":{"rendered":"Demonstra\u00e7\u00e3o de implanta\u00e7\u00e3o e posicionamento do sensor do capacete."},"content":{"rendered":"<figure class=\"wp-block-embed is-type-video is-provider-youtube wp-block-embed-youtube wp-embed-aspect-16-9 wp-has-aspect-ratio\"><div class=\"wp-block-embed__wrapper\">\n<div class=\"nv-iframe-embed\"><iframe title=\"Demonstra\u00e7\u00e3o de implanta\u00e7\u00e3o e posicionamento do sensor do capacete.\" width=\"1200\" height=\"675\" src=\"https:\/\/www.youtube.com\/embed\/5bHHB_97oXw?feature=oembed\" frameborder=\"0\" allow=\"accelerometer; autoplay; clipboard-write; encrypted-media; gyroscope; picture-in-picture; web-share\" referrerpolicy=\"strict-origin-when-cross-origin\" allowfullscreen><\/iframe><\/div>\n<\/div><\/figure>\n\n\n\n<p>Veja como o Lansitec <a href=\"https:\/\/www.lansitec.com\/pt\/produtos\/sensor-rastreador-de-capacete\/\" data-type=\"page\" data-id=\"1237\">Sensor rastreador de capacete<\/a> \u00e9 implantado e fornece posicionamento em tempo real e rastreamento de movimento \u2014 tudo em um dispositivo compacto e robusto.<\/p>\n\n\n\n<p>Seja para seguran\u00e7a do trabalhador, detec\u00e7\u00e3o de quedas ou alertas baseados em zonas, esta demonstra\u00e7\u00e3o mostra o futuro dos dispositivos vest\u00edveis industriais inteligentes.<\/p>\n\n\n\n<p>\ud83d\udccd Posicionamento preciso em ambientes internos e externos<br>\u26a0\ufe0f Detec\u00e7\u00e3o de quedas e monitoramento de movimento<br>\ud83d\udd0b Bateria de longa dura\u00e7\u00e3o | \ud83d\udcf6 <a href=\"https:\/\/www.lansitec.com\/th\/\u0e25\u0e2d\u0e23\u0e32\u0e27\u0e31\u0e19\/\">LoRaWAN<\/a> + GPS + BLE<br>\u2705 Detec\u00e7\u00e3o de quedas<br>\u2705 Bot\u00e3o de p\u00e2nico<br>\u2705 Detec\u00e7\u00e3o de desgaste<br>\u2705 Alertas de perman\u00eancia excessiva e zona<br>\u2705 Rastreamento interno\/externo em tempo real<\/p>\n\n\n\n<p>Ideal para canteiros de obras, zonas industriais e ambientes de trabalho perigosos, esta tecnologia foi projetada para aprimorar os padr\u00f5es de HSE e salvar vidas.<\/p>\n\n\n\n<p>Para mais informa\u00e7\u00f5es: https:\/\/www.lansitec.com\/products\/helmet-tracker-sensor\/<\/p>","protected":false},"excerpt":{"rendered":"<p>Watch how the Lansitec Helmet Tracker Sensor is deployed and delivers real-time positioning and motion tracking\u2014all in one compact, rugged device. Whether it\u2019s for worker safety, fall detection, or zone-based alerts, this demo shows the future of smart industrial wearables. \ud83d\udccd Precise indoor &amp; outdoor positioning\u26a0\ufe0f Fall detection &amp; motion monitoring\ud83d\udd0b Long battery life |&hellip;&nbsp;<a href=\"https:\/\/www.lansitec.com\/pt\/perguntas-frequentes\/demonstracao-de-implantacao-e-posicionamento-do-sensor-no-capacete\/\" rel=\"bookmark\">Ler mais \u00bb<span class=\"screen-reader-text\">Demonstra\u00e7\u00e3o de implanta\u00e7\u00e3o e posicionamento do sensor do capacete.<\/span><\/a><\/p>","protected":false},"author":1,"featured_media":0,"parent":16835,"menu_order":0,"comment_status":"closed","ping_status":"closed","template":"","meta":{"neve_meta_sidebar":"","neve_meta_container":"","neve_meta_enable_content_width":"","neve_meta_content_width":0,"neve_meta_title_alignment":"","neve_meta_author_avatar":"","neve_post_elements_order":"","neve_meta_disable_header":"","neve_meta_disable_footer":"","neve_meta_disable_title":"","footnotes":""},"class_list":["post-16963","page","type-page","status-publish","hentry"],"_links":{"self":[{"href":"https:\/\/www.lansitec.com\/pt\/wp-json\/wp\/v2\/pages\/16963","targetHints":{"allow":["GET"]}}],"collection":[{"href":"https:\/\/www.lansitec.com\/pt\/wp-json\/wp\/v2\/pages"}],"about":[{"href":"https:\/\/www.lansitec.com\/pt\/wp-json\/wp\/v2\/types\/page"}],"author":[{"embeddable":true,"href":"https:\/\/www.lansitec.com\/pt\/wp-json\/wp\/v2\/users\/1"}],"replies":[{"embeddable":true,"href":"https:\/\/www.lansitec.com\/pt\/wp-json\/wp\/v2\/comments?post=16963"}],"version-history":[{"count":0,"href":"https:\/\/www.lansitec.com\/pt\/wp-json\/wp\/v2\/pages\/16963\/revisions"}],"up":[{"embeddable":true,"href":"https:\/\/www.lansitec.com\/pt\/wp-json\/wp\/v2\/pages\/16835"}],"wp:attachment":[{"href":"https:\/\/www.lansitec.com\/pt\/wp-json\/wp\/v2\/media?parent=16963"}],"curies":[{"name":"wp","href":"https:\/\/api.w.org\/{rel}","templated":true}]}}