{"id":16974,"date":"2025-09-17T00:49:03","date_gmt":"2025-09-17T07:49:03","guid":{"rendered":"https:\/\/www.lansitec.com\/?page_id=16974"},"modified":"2025-09-18T02:46:33","modified_gmt":"2025-09-18T09:46:33","slug":"container-tracker-installation-guide-lorawan-nb%e2%80%91iot-lte%e2%80%91m-lte-cat%e2%80%911-and-uwb-setup-key-features","status":"publish","type":"page","link":"https:\/\/www.lansitec.com\/pt\/perguntas-frequentes\/guia-de-instalacao-do-rastreador-de-conteineres-lorawan-nbiot-ltem-lte-cat1-e-uwb-principais-recursos-de-configuracao\/","title":{"rendered":"Guia de instala\u00e7\u00e3o do Container Tracker: LoRaWAN, NB-IoT\/LTE-M, LTE Cat-1 e configura\u00e7\u00e3o UWB e principais recursos"},"content":{"rendered":"<figure class=\"wp-block-embed is-type-video is-provider-youtube wp-block-embed-youtube wp-embed-aspect-16-9 wp-has-aspect-ratio\"><div class=\"wp-block-embed__wrapper\">\n<div class=\"nv-iframe-embed\"><iframe title=\"Guia de instala\u00e7\u00e3o do Container Tracker: LoRaWAN, NB-IoT\/LTE-M, LTE Cat-1 e configura\u00e7\u00e3o UWB e principais recursos\" width=\"1200\" height=\"675\" src=\"https:\/\/www.youtube.com\/embed\/vboR3wRPdF8?feature=oembed\" frameborder=\"0\" allow=\"accelerometer; autoplay; clipboard-write; encrypted-media; gyroscope; picture-in-picture; web-share\" referrerpolicy=\"strict-origin-when-cross-origin\" allowfullscreen><\/iframe><\/div>\n<\/div><\/figure>\n\n\n\n<p>Obtenha uma vis\u00e3o geral completa do cont\u00eainer robusto da Lansitec. <a href=\"https:\/\/www.lansitec.com\/de\/tracker\/\">rastreadores<\/a> entre <a href=\"https:\/\/www.lansitec.com\/de\/lorawan\/\">LoRaWAN<\/a>, NB\u2011IoT\/LTE\u2011M e LTE Cat\u20111 \u2014 projetados para posicionamento interno\/externo com GNSS e seguran\u00e7a avan\u00e7ada. <a href=\"https:\/\/www.lansitec.com\/de\/sensoren\/\">sensores<\/a> Ideal para cont\u00eaineres de transporte, caixas de transporte, paletes, m\u00e1quinas pesadas e frotas de ve\u00edculos.<\/p>\n\n\n\n<p>Cada modelo oferece um gabinete IP68 para ambientes hostis, detec\u00e7\u00e3o de viola\u00e7\u00e3o e movimento para seguran\u00e7a e bateria de longa dura\u00e7\u00e3o para implanta\u00e7\u00f5es de v\u00e1rios anos, simplificando o planejamento e as decis\u00f5es de montagem durante a instala\u00e7\u00e3o.<\/p>\n\n\n\n<p><strong>Modelos cobertos<\/strong><\/p>\n\n\n\n<ul class=\"wp-block-list\">\n<li><strong><a href=\"https:\/\/www.lansitec.com\/pt\/produtos\/rastreador-de-conteineres-lorawan\/\" data-type=\"page\" data-id=\"1232\">Rastreador de Cont\u00eaineres LoRaWAN<\/a><\/strong>: GNSS + Bluetooth + <a href=\"https:\/\/www.lansitec.com\/de\/lorawan\/\">LoRaWAN<\/a> Para posicionamento interno\/externo, caixa com classifica\u00e7\u00e3o IP68, bateria de longa dura\u00e7\u00e3o, detec\u00e7\u00e3o de viola\u00e7\u00e3o e sensor de vibra\u00e7\u00e3o para seguran\u00e7a de ativos.<\/li>\n\n\n\n<li><strong><a href=\"https:\/\/www.lansitec.com\/pt\/produtos\/rastreador-de-conteineres-nb-iot\/\" data-type=\"page\" data-id=\"7882\">Rastreador de Cont\u00eaineres NB-IoT e LTE-M<\/a><\/strong>: NB\u2011IoT\/LTE\u2011M com GNSS, gabinete IP68, baterias duplas de 4000 mAh Li\/SOCl2 permitindo ~5 anos em um intervalo de relat\u00f3rio de 30 minutos, al\u00e9m de detec\u00e7\u00e3o de viola\u00e7\u00e3o, detec\u00e7\u00e3o de porta aberta\/fechada e cache offline.<\/li>\n\n\n\n<li><strong><a href=\"https:\/\/www.lansitec.com\/pt\/produtos\/rastreador-de-conteineres-cat-1\/\" data-type=\"page\" data-id=\"11951\">Rastreador de cont\u00eaineres LTE Cat\u20111<\/a><\/strong>: Rastreamento global para ativos de alto valor com Cat\u20111 + GNSS (&lt;2,5 m), IP68, baterias duplas de Li\/SOCl\u2082 por at\u00e9 cinco anos em intervalos de 30 minutos, detec\u00e7\u00e3o de viola\u00e7\u00e3o, detec\u00e7\u00e3o de porta aberta\/fechada, alertas de vibra\u00e7\u00e3o\/choque e etiquetas Bluetooth opcionais para itens secund\u00e1rios.<\/li>\n\n\n\n<li><strong><a href=\"https:\/\/www.lansitec.com\/pt\/produtos\/rastreador-de-conteineres-uwb\/\" data-type=\"page\" data-id=\"13226\">Rastreador de cont\u00eaineres UWB<\/a><\/strong>: <a href=\"https:\/\/www.lansitec.com\/de\/lorawan\/\">LoRaWAN<\/a> + UWB para posicionamento interno de alta precis\u00e3o (at\u00e9 10 cm) usando \u00e2ncoras e um <a href=\"https:\/\/www.lansitec.com\/de\/lorawan\/\">LoRaWAN<\/a> Gateway com classifica\u00e7\u00e3o IP68 e bateria dupla de 4000 mAh Li\/SOCl\u2082 para ambientes agressivos.<\/li>\n<\/ul>\n\n\n\n<p><strong>Principais pontos relevantes para a instala\u00e7\u00e3o<\/strong><\/p>\n\n\n\n<ul class=\"wp-block-list\">\n<li>Os gabinetes com classifica\u00e7\u00e3o IP68 permitem a montagem em superf\u00edcies externas de cont\u00eaineres e a opera\u00e7\u00e3o em climas adversos ou locais ao ar livre.<\/li>\n\n\n\n<li>Baterias prim\u00e1rias de longa dura\u00e7\u00e3o minimizam as visitas de manuten\u00e7\u00e3o; as variantes NB-IoT\/LTE-M e Cat-1 especificam pacotes duplos de Li\/SOCl2 com dura\u00e7\u00e3o de ~5 anos em intervalos de relat\u00f3rios de 30 minutos.<\/li>\n\n\n\n<li>O conjunto de sensores inclui prote\u00e7\u00e3o contra viola\u00e7\u00e3o e movimento\/vibra\u00e7\u00e3o para detectar movimentos n\u00e3o autorizados, com NB\u2011IoT\/LTE\u2011M e Cat\u20111 tamb\u00e9m suportando eventos de abertura\/fechamento de portas para alertas de acesso \u00e0 carga.<\/li>\n\n\n\n<li>O posicionamento utiliza GNSS em todos os modelos para precis\u00e3o em ambientes externos, enquanto o Bluetooth est\u00e1 dispon\u00edvel. <a href=\"https:\/\/www.lansitec.com\/de\/lorawan\/\">LoRaWAN<\/a> e etiquetas Bluetooth opcionais na categoria 1 ampliam o monitoramento de itens dentro dos cont\u00eaineres.<\/li>\n<\/ul>\n\n\n\n<p><strong>Casos de uso<\/strong><\/p>\n\n\n\n<ul class=\"wp-block-list\">\n<li>Cont\u00eaineres de transporte internacional, paletes e caixas de tr\u00e2nsito que precisam de visibilidade persistente em todas as viagens e instala\u00e7\u00f5es.<\/li>\n\n\n\n<li>M\u00e1quinas pesadas e equipamentos de alto valor que exigem rastreamento robusto com alertas de viola\u00e7\u00e3o e vibra\u00e7\u00e3o\/choque.<\/li>\n\n\n\n<li>Supervis\u00e3o em n\u00edvel de frota para reduzir perdas, otimizar a log\u00edstica e manter o controle operacional de ponta a ponta.<\/li>\n<\/ul>\n\n\n\n<p><strong>Destaques t\u00e9cnicos<\/strong><\/p>\n\n\n\n<ul class=\"wp-block-list\">\n<li>Op\u00e7\u00f5es de conectividade: <a href=\"https:\/\/www.lansitec.com\/de\/lorawan\/\">LoRaWAN<\/a>, NB\u2011IoT\/LTE\u2011M e LTE Cat\u20111 para atender \u00e0s necessidades de cobertura regional, or\u00e7amentos de dados e frequ\u00eancia de relat\u00f3rios.<\/li>\n\n\n\n<li>Alimenta\u00e7\u00e3o: Baterias duplas de l\u00edtio\/SOCl2 nas variantes NB\u2011IoT\/LTE\u2011M e Cat\u20111 com dura\u00e7\u00e3o de at\u00e9 cinco anos, em intervalos de 30 minutos; <a href=\"https:\/\/www.lansitec.com\/de\/lorawan\/\">LoRaWAN<\/a> Variante projetada para vida \u00fatil ultralonga.<\/li>\n\n\n\n<li>Prote\u00e7\u00e3o e detec\u00e7\u00e3o: gabinete IP68, detec\u00e7\u00e3o de viola\u00e7\u00e3o, detec\u00e7\u00e3o de vibra\u00e7\u00e3o\/choque, abertura\/fechamento de porta (NB\u2011IoT\/LTE\u2011M e Cat\u20111) e cache offline (NB\u2011IoT\/LTE\u2011M).<\/li>\n\n\n\n<li>Precis\u00e3o e expans\u00e3o: GNSS com &lt;2,5 m em Cat\u20111 e tags Bluetooth opcionais para rastrear carga secund\u00e1ria dentro de cont\u00eaineres<\/li>\n<\/ul>\n\n\n\n<p><\/p>","protected":false},"excerpt":{"rendered":"<p>Get a complete overview of Lansitec\u2019s rugged container trackers across LoRaWAN, NB\u2011IoT\/LTE\u2011M, and LTE Cat\u20111\u2014built for indoor\/outdoor positioning with GNSS and advanced security sensors ideal for shipping containers, transit cases, pallets, heavy machinery, and fleet assets. \u2028 Each model offers an IP68 enclosure for harsh environments, tamper and motion sensing for security, and long battery&hellip;&nbsp;<a href=\"https:\/\/www.lansitec.com\/pt\/perguntas-frequentes\/guia-de-instalacao-do-rastreador-de-conteineres-lorawan-nbiot-ltem-lte-cat1-e-uwb-principais-recursos-de-configuracao\/\" rel=\"bookmark\">Ler mais \u00bb<span class=\"screen-reader-text\">Guia de instala\u00e7\u00e3o do Container Tracker: LoRaWAN, NB-IoT\/LTE-M, LTE Cat-1 e configura\u00e7\u00e3o UWB e principais recursos<\/span><\/a><\/p>","protected":false},"author":1,"featured_media":0,"parent":16835,"menu_order":0,"comment_status":"closed","ping_status":"closed","template":"","meta":{"neve_meta_sidebar":"","neve_meta_container":"","neve_meta_enable_content_width":"","neve_meta_content_width":0,"neve_meta_title_alignment":"","neve_meta_author_avatar":"","neve_post_elements_order":"","neve_meta_disable_header":"","neve_meta_disable_footer":"","neve_meta_disable_title":"","footnotes":""},"class_list":["post-16974","page","type-page","status-publish","hentry"],"_links":{"self":[{"href":"https:\/\/www.lansitec.com\/pt\/wp-json\/wp\/v2\/pages\/16974","targetHints":{"allow":["GET"]}}],"collection":[{"href":"https:\/\/www.lansitec.com\/pt\/wp-json\/wp\/v2\/pages"}],"about":[{"href":"https:\/\/www.lansitec.com\/pt\/wp-json\/wp\/v2\/types\/page"}],"author":[{"embeddable":true,"href":"https:\/\/www.lansitec.com\/pt\/wp-json\/wp\/v2\/users\/1"}],"replies":[{"embeddable":true,"href":"https:\/\/www.lansitec.com\/pt\/wp-json\/wp\/v2\/comments?post=16974"}],"version-history":[{"count":0,"href":"https:\/\/www.lansitec.com\/pt\/wp-json\/wp\/v2\/pages\/16974\/revisions"}],"up":[{"embeddable":true,"href":"https:\/\/www.lansitec.com\/pt\/wp-json\/wp\/v2\/pages\/16835"}],"wp:attachment":[{"href":"https:\/\/www.lansitec.com\/pt\/wp-json\/wp\/v2\/media?parent=16974"}],"curies":[{"name":"wp","href":"https:\/\/api.w.org\/{rel}","templated":true}]}}