{"id":2371,"date":"2023-03-15T12:03:17","date_gmt":"2023-03-15T12:03:17","guid":{"rendered":"https:\/\/www.lansitec.com\/?page_id=2371"},"modified":"2025-01-31T08:58:39","modified_gmt":"2025-01-31T08:58:39","slug":"legal","status":"publish","type":"page","link":"https:\/\/www.lansitec.com\/pt\/juridico\/","title":{"rendered":"Jur\u00eddico"},"content":{"rendered":"<div data-elementor-type=\"wp-page\" data-elementor-id=\"2371\" class=\"elementor elementor-2371\" data-elementor-post-type=\"page\">\n\t\t\t\t\t\t<section class=\"elementor-section elementor-top-section elementor-element elementor-element-0d589d8 elementor-section-boxed elementor-section-height-default elementor-section-height-default\" data-id=\"0d589d8\" data-element_type=\"section\" data-e-type=\"section\" data-settings=\"{&quot;ekit_has_onepagescroll_dot&quot;:&quot;yes&quot;}\">\n\t\t\t\t\t\t<div class=\"elementor-container elementor-column-gap-default\">\n\t\t\t\t\t<div class=\"elementor-column elementor-col-100 elementor-top-column elementor-element elementor-element-f725ede\" data-id=\"f725ede\" data-element_type=\"column\" data-e-type=\"column\">\n\t\t\t<div class=\"elementor-widget-wrap elementor-element-populated\">\n\t\t\t\t\t\t<div class=\"elementor-element elementor-element-e1383e3 elementor-widget elementor-widget-breadcrumbs\" data-id=\"e1383e3\" data-element_type=\"widget\" data-e-type=\"widget\" data-settings=\"{&quot;ekit_we_effect_on&quot;:&quot;none&quot;}\" data-widget_type=\"breadcrumbs.default\">\n\t\t\t\t<div class=\"elementor-widget-container\">\n\t\t\t\t\t<nav aria-label=\"migalhas de p\u00e3o\" class=\"rank-math-breadcrumb\"><p><span class=\"last\">Lar<\/span><\/p><\/nav>\t\t\t\t<\/div>\n\t\t\t\t<\/div>\n\t\t\t\t\t<\/div>\n\t\t<\/div>\n\t\t\t\t\t<\/div>\n\t\t<\/section>\n\t\t\t\t<section class=\"elementor-section elementor-top-section elementor-element elementor-element-8d22540 elementor-section-boxed elementor-section-height-default elementor-section-height-default\" data-id=\"8d22540\" data-element_type=\"section\" data-e-type=\"section\" data-settings=\"{&quot;ekit_has_onepagescroll_dot&quot;:&quot;yes&quot;}\">\n\t\t\t\t\t\t<div class=\"elementor-container elementor-column-gap-default\">\n\t\t\t\t\t<div class=\"elementor-column elementor-col-100 elementor-top-column elementor-element elementor-element-dacc1fa\" data-id=\"dacc1fa\" data-element_type=\"column\" data-e-type=\"column\">\n\t\t\t<div class=\"elementor-widget-wrap elementor-element-populated\">\n\t\t\t\t\t\t<div class=\"elementor-element elementor-element-de985f0 elementor-widget elementor-widget-heading\" data-id=\"de985f0\" data-element_type=\"widget\" data-e-type=\"widget\" data-settings=\"{&quot;ekit_we_effect_on&quot;:&quot;none&quot;}\" data-widget_type=\"heading.default\">\n\t\t\t\t\t<h1 class=\"elementor-heading-title elementor-size-default\">ARTIGO JUR\u00cdDICO<\/h1>\t\t\t\t<\/div>\n\t\t\t\t<div class=\"elementor-element elementor-element-8463dab elementor-widget elementor-widget-text-editor\" data-id=\"8463dab\" data-element_type=\"widget\" data-e-type=\"widget\" data-settings=\"{&quot;ekit_we_effect_on&quot;:&quot;none&quot;}\" data-widget_type=\"text-editor.default\">\n\t\t\t\t\t\t\t\t\t<div class=\"privacy_content\">\n\nA LANSITEC preza pela transpar\u00eancia e confian\u00e7a na prote\u00e7\u00e3o da sua privacidade e busca explicar claramente como coletamos e processamos suas informa\u00e7\u00f5es. Para n\u00f3s, \u00e9 importante que voc\u00ea tenha uma \u00f3tima experi\u00eancia ao usar nossos servi\u00e7os. <a href=\"https:\/\/www.lansitec.com\/es\/productos\/\">produtos<\/a>, Utilizamos seus dados pessoais, servi\u00e7os e website sem comprometer sua privacidade de forma alguma. Esta pol\u00edtica descreve como coletamos e usamos diferentes tipos de informa\u00e7\u00f5es pessoais e comportamentais, e os motivos para isso. Voc\u00ea tem o direito de acessar, alterar ou excluir suas informa\u00e7\u00f5es pessoais a qualquer momento e pode saber mais sobre isso e seus direitos em nossa se\u00e7\u00e3o de Perguntas Frequentes. Como alternativa, voc\u00ea pode entrar em contato diretamente com nossa Equipe de Privacidade; os detalhes est\u00e3o na se\u00e7\u00e3o &quot;Fale Conosco&quot;. Consulte a se\u00e7\u00e3o &quot;Privacidade&quot; para obter nossa pol\u00edtica de privacidade.\n\n<\/div>\n<h3 class=\"privacy_head1\"><em><b>I. LINKS EXTERNOS\n<\/b><\/em><\/h3>\n<div class=\"privacy_content\">Esta pol\u00edtica de privacidade aplica-se apenas \u00e0 utiliza\u00e7\u00e3o de dados pela LANSITEC, aos nossos websites, servi\u00e7os ou <a href=\"https:\/\/www.lansitec.com\/es\/productos\/\">produtos<\/a> O site pode, ocasionalmente, conter links para, usar ou estar hospedado em sites externos. A LANSITEC n\u00e3o se responsabiliza pelas pol\u00edticas de privacidade ou pelo conte\u00fado desses sites e recomendamos que voc\u00ea leia as pol\u00edticas de privacidade de quaisquer sites externos que utilizar. Da mesma forma, se voc\u00ea for direcionado ao nosso site por meio de um terceiro, n\u00e3o nos responsabilizamos pela pol\u00edtica de privacidade ou pelas pr\u00e1ticas desse terceiro. Recomendamos fortemente que voc\u00ea leia a pol\u00edtica de privacidade deles.<\/div>\n<div><\/div>\n<h3 class=\"privacy_head1\"><em><strong>II. DADOS PESSOAIS<\/strong><\/em><\/h3>\n<div class=\"privacy_content\">Cookies s\u00e3o pequenos arquivos criados no seu navegador quando voc\u00ea visita qualquer um dos nossos sites. Os cookies ajudam a tornar sua experi\u00eancia online mais eficiente e relevante aos seus interesses. Por exemplo, eles s\u00e3o usados para lembrar suas prefer\u00eancias em sites que voc\u00ea visita com frequ\u00eancia, para lembrar seu ID de usu\u00e1rio e o conte\u00fado de seus carrinhos de compras e para ajudar voc\u00ea a navegar entre as p\u00e1ginas com mais efici\u00eancia. N\u00e3o coletamos cookies al\u00e9m daqueles coletados pelo Google Analytics.<\/div>\n<div><\/div>\n<h3 class=\"privacy_head1\"><em><strong>III. CONTATO<\/strong><\/em><\/h3>\n<div class=\"privacy_content\">\n\nA parte respons\u00e1vel por este site (o \u201ccontrolador\u201d) para fins da lei de prote\u00e7\u00e3o de dados \u00e9: LANSITEC Technology Co., Ltd. Sala 501, No. 21 Huashen Avenue, Nanjing, China Telefone: +86-25-8335-8776 E-mail: contact@lansitec.com\n\n<\/div>\n<h3 class=\"privacy_head1\"><em><span style=\"text-decoration: underline;\"><strong>IV. Perguntas frequentes<\/strong><\/span><\/em><\/h3>\n<div>Como posso ver quais informa\u00e7\u00f5es voc\u00eas t\u00eam sobre mim?<\/div>\n<div class=\"privacy_content\">\n<div class=\"privacy_q\">Voc\u00ea pode entrar em contato com nosso gerente de privacidade de dados, conforme estabelecido na se\u00e7\u00e3o &quot;Fale conosco&quot; acima.<\/div>\n<div class=\"privacy_a\">Como posso cancelar a cria\u00e7\u00e3o de perfil?<\/div>\n<div class=\"privacy_q\">Voc\u00ea pode entrar em contato conosco a qualquer momento. Um membro da nossa equipe de privacidade de dados entrar\u00e1 em contato com voc\u00ea sobre sua solicita\u00e7\u00e3o.<\/div>\n<div class=\"privacy_a\">Como posso cancelar o recebimento de marketing?<\/div>\n<div class=\"privacy_q\">Voc\u00ea pode atualizar suas prefer\u00eancias a qualquer momento e tamb\u00e9m pode optar por n\u00e3o receber mais e-mails de marketing clicando no link de cancelamento na parte inferior dos nossos e-mails. Para outras \u00e1reas da Leverege LLC, entre em contato conosco.<\/div>\n<div class=\"privacy_a\">Como fa\u00e7o uma reclama\u00e7\u00e3o?<\/div>\n<div class=\"privacy_q\">Se voc\u00ea tiver alguma reclama\u00e7\u00e3o sobre qualquer aspecto de suas informa\u00e7\u00f5es pessoais ou desta pol\u00edtica de privacidade, escreva diretamente para a equipe de privacidade de dados.<\/div>\n<div class=\"privacy_a\">Posso pedir para voc\u00ea excluir minhas informa\u00e7\u00f5es?<\/div>\n<div class=\"privacy_q\">Sim, basta entrar em contato conosco. Consideraremos sua solicita\u00e7\u00e3o e tomaremos as medidas cab\u00edveis, que podem incluir a supress\u00e3o da mesma, em vez da exclus\u00e3o, para garantir que ainda possamos atender \u00e0s suas prefer\u00eancias quanto \u00e0 possibilidade de comercializarmos com voc\u00ea.<\/div>\n<div class=\"privacy_a\">Como atualizo minhas informa\u00e7\u00f5es?<\/div>\n<div class=\"privacy_q\">Voc\u00ea pode atualiz\u00e1-lo a qualquer momento atrav\u00e9s da sua conta online ou simplesmente entrar em contato conosco.<\/div>\n<div><\/div>\n<\/div>\n<h3 class=\"privacy_head1\"><em><strong>V. ALTERA\u00c7\u00d5ES A ESTA POL\u00cdTICA<\/strong><\/em><\/h3>\n<div class=\"privacy_content\">Ocasionalmente, podemos fazer altera\u00e7\u00f5es na pol\u00edtica de privacidade. Isso pode estar relacionado a mudan\u00e7as na legisla\u00e7\u00e3o, melhores pr\u00e1ticas ou mudan\u00e7as em nossos servi\u00e7os. Essas altera\u00e7\u00f5es ser\u00e3o refletidas nesta declara\u00e7\u00e3o, portanto, voc\u00ea deve consult\u00e1-la regularmente.<\/div>\t\t\t\t\t\t\t\t<\/div>\n\t\t\t\t\t<\/div>\n\t\t<\/div>\n\t\t\t\t\t<\/div>\n\t\t<\/section>\n\t\t\t\t<\/div>","protected":false},"excerpt":{"rendered":"<p>ARTIGO LEGAL A LANSITEC prima pela transpar\u00eancia e confian\u00e7a na prote\u00e7\u00e3o da sua privacidade e busca explicar claramente como coletamos e processamos suas informa\u00e7\u00f5es. \u00c9 importante para n\u00f3s que voc\u00ea aproveite o uso de nossos produtos, servi\u00e7os e sites sem comprometer sua privacidade de forma alguma. Esta pol\u00edtica descreve como coletamos\u2026&nbsp;<a href=\"https:\/\/www.lansitec.com\/pt\/juridico\/\" rel=\"bookmark\">Ler mais \u00bb<span class=\"screen-reader-text\">Jur\u00eddico<\/span><\/a><\/p>","protected":false},"author":1,"featured_media":2403,"parent":0,"menu_order":0,"comment_status":"closed","ping_status":"closed","template":"elementor_header_footer","meta":{"neve_meta_sidebar":"","neve_meta_container":"","neve_meta_enable_content_width":"","neve_meta_content_width":0,"neve_meta_title_alignment":"","neve_meta_author_avatar":"","neve_post_elements_order":"","neve_meta_disable_header":"","neve_meta_disable_footer":"","neve_meta_disable_title":"","footnotes":""},"class_list":["post-2371","page","type-page","status-publish","has-post-thumbnail","hentry"],"_links":{"self":[{"href":"https:\/\/www.lansitec.com\/pt\/wp-json\/wp\/v2\/pages\/2371","targetHints":{"allow":["GET"]}}],"collection":[{"href":"https:\/\/www.lansitec.com\/pt\/wp-json\/wp\/v2\/pages"}],"about":[{"href":"https:\/\/www.lansitec.com\/pt\/wp-json\/wp\/v2\/types\/page"}],"author":[{"embeddable":true,"href":"https:\/\/www.lansitec.com\/pt\/wp-json\/wp\/v2\/users\/1"}],"replies":[{"embeddable":true,"href":"https:\/\/www.lansitec.com\/pt\/wp-json\/wp\/v2\/comments?post=2371"}],"version-history":[{"count":0,"href":"https:\/\/www.lansitec.com\/pt\/wp-json\/wp\/v2\/pages\/2371\/revisions"}],"wp:featuredmedia":[{"embeddable":true,"href":"https:\/\/www.lansitec.com\/pt\/wp-json\/wp\/v2\/media\/2403"}],"wp:attachment":[{"href":"https:\/\/www.lansitec.com\/pt\/wp-json\/wp\/v2\/media?parent=2371"}],"curies":[{"name":"wp","href":"https:\/\/api.w.org\/{rel}","templated":true}]}}