{"id":2386,"date":"2023-03-15T12:10:04","date_gmt":"2023-03-15T12:10:04","guid":{"rendered":"https:\/\/www.lansitec.com\/?page_id=2386"},"modified":"2025-01-31T08:54:48","modified_gmt":"2025-01-31T08:54:48","slug":"warranty","status":"publish","type":"page","link":"https:\/\/www.lansitec.com\/pt\/garantia\/","title":{"rendered":"Garantia"},"content":{"rendered":"<div data-elementor-type=\"wp-page\" data-elementor-id=\"2386\" class=\"elementor elementor-2386\" data-elementor-post-type=\"page\">\n\t\t\t\t\t\t<section class=\"elementor-section elementor-top-section elementor-element elementor-element-0d589d8 elementor-section-boxed elementor-section-height-default elementor-section-height-default\" data-id=\"0d589d8\" data-element_type=\"section\" data-e-type=\"section\" data-settings=\"{&quot;ekit_has_onepagescroll_dot&quot;:&quot;yes&quot;}\">\n\t\t\t\t\t\t<div class=\"elementor-container elementor-column-gap-default\">\n\t\t\t\t\t<div class=\"elementor-column elementor-col-100 elementor-top-column elementor-element elementor-element-f725ede\" data-id=\"f725ede\" data-element_type=\"column\" data-e-type=\"column\">\n\t\t\t<div class=\"elementor-widget-wrap elementor-element-populated\">\n\t\t\t\t\t\t<div class=\"elementor-element elementor-element-e1383e3 elementor-widget elementor-widget-breadcrumbs\" data-id=\"e1383e3\" data-element_type=\"widget\" data-e-type=\"widget\" data-settings=\"{&quot;ekit_we_effect_on&quot;:&quot;none&quot;}\" data-widget_type=\"breadcrumbs.default\">\n\t\t\t\t<div class=\"elementor-widget-container\">\n\t\t\t\t\t<nav aria-label=\"migalhas de p\u00e3o\" class=\"rank-math-breadcrumb\"><p><span class=\"last\">Lar<\/span><\/p><\/nav>\t\t\t\t<\/div>\n\t\t\t\t<\/div>\n\t\t\t\t\t<\/div>\n\t\t<\/div>\n\t\t\t\t\t<\/div>\n\t\t<\/section>\n\t\t\t\t<section class=\"elementor-section elementor-top-section elementor-element elementor-element-8d22540 elementor-section-boxed elementor-section-height-default elementor-section-height-default\" data-id=\"8d22540\" data-element_type=\"section\" data-e-type=\"section\" data-settings=\"{&quot;ekit_has_onepagescroll_dot&quot;:&quot;yes&quot;}\">\n\t\t\t\t\t\t<div class=\"elementor-container elementor-column-gap-default\">\n\t\t\t\t\t<div class=\"elementor-column elementor-col-100 elementor-top-column elementor-element elementor-element-dacc1fa\" data-id=\"dacc1fa\" data-element_type=\"column\" data-e-type=\"column\">\n\t\t\t<div class=\"elementor-widget-wrap elementor-element-populated\">\n\t\t\t\t\t\t<div class=\"elementor-element elementor-element-de985f0 elementor-widget elementor-widget-heading\" data-id=\"de985f0\" data-element_type=\"widget\" data-e-type=\"widget\" data-settings=\"{&quot;ekit_we_effect_on&quot;:&quot;none&quot;}\" data-widget_type=\"heading.default\">\n\t\t\t\t\t<h1 class=\"elementor-heading-title elementor-size-default\">GARANTIA DO PRODUTO\n<\/h1>\t\t\t\t<\/div>\n\t\t\t\t<div class=\"elementor-element elementor-element-8463dab elementor-widget__width-initial elementor-widget elementor-widget-text-editor\" data-id=\"8463dab\" data-element_type=\"widget\" data-e-type=\"widget\" data-settings=\"{&quot;ekit_we_effect_on&quot;:&quot;none&quot;}\" data-widget_type=\"text-editor.default\">\n\t\t\t\t\t\t\t\t\t<div>\n<div>\n<div>A LANSITEC se esfor\u00e7a para oferecer um servi\u00e7o de qualidade e <a href=\"https:\/\/www.lansitec.com\/es\/productos\/\">produtos<\/a>. \u00c9 importante para n\u00f3s que voc\u00ea tenha uma \u00f3tima experi\u00eancia ao usar nossos servi\u00e7os. <a href=\"https:\/\/www.lansitec.com\/es\/productos\/\">produtos<\/a>, servi\u00e7os e website(s) sem comprometer sua privacidade de forma alguma. Esta pol\u00edtica descreve<br>Como garantimos a qualidade geral dos nossos produtos? <a href=\"https:\/\/www.lansitec.com\/es\/productos\/\">produtos<\/a> e servi\u00e7os. Como alternativa, voc\u00ea pode entrar em contato diretamente com nossa Equipe de Produto; os detalhes de contato est\u00e3o na se\u00e7\u00e3o &quot;Fale Conosco&quot;.<\/div>\n<div>&nbsp;<\/div>\n<h3><em><strong>I. DEVOLU\u00c7\u00d5ES<\/strong><\/em><\/h3>\n<div><a href=\"https:\/\/www.lansitec.com\/es\/productos\/\">Produtos<\/a> Os produtos que chegarem com defeito (&quot;DOA&quot;), danificados durante o transporte ou que n\u00e3o estiverem em conformidade com o pedido de compra correspondente, ser\u00e3o substitu\u00eddos no pr\u00f3ximo pedido.<\/div>\n<div>&nbsp;<\/div>\n<h3><em><strong>II. GARANTIA<\/strong><\/em><\/h3>\n<div>Todos os produtos e servi\u00e7os s\u00e3o garantidos<\/div>\n<div>(i) cumprir com as especifica\u00e7\u00f5es do Fornecedor e sem defeitos de fabrica\u00e7\u00e3o ou projeto,<br>(ii) estar livre de qualquer dispositivo desabilitador, \u201cbomba-rel\u00f3gio\u201d ou mecanismo de controle remoto que possa, ou possa ser utilizado para, impedir intencionalmente a opera\u00e7\u00e3o do Produto ou danificar o ambiente dos sistemas de computador ou software dos Clientes em qualquer aspecto, ou comprometer a integridade de quaisquer arquivos ou dados;<br>(iii) foram testados para garantir que n\u00e3o cont\u00eam nenhum v\u00edrus de software;<br>(iv) n\u00e3o incluir c\u00f3digo aberto, a menos que seja especificamente acordado pelo Revendedor. O Revendedor est\u00e1 autorizado a transferir e ceder a garantia ao(s) Cliente(s). O Fornecedor honrar\u00e1 as reclama\u00e7\u00f5es de garantia feitas diretamente pelo(s) Cliente(s). Qualquer falha do <a href=\"https:\/\/www.lansitec.com\/es\/productos\/\">Produtos<\/a> ou Servi\u00e7o para cumprir com a garantia anterior ou qualquer outra<br>As especifica\u00e7\u00f5es acordadas pelas Partes ser\u00e3o corrigidas pelo Fornecedor sem custo para o Revendedor ou Cliente(s) durante o per\u00edodo de garantia (um ano). Os servi\u00e7os ser\u00e3o executados por profissionais qualificados, de forma profissional e eficiente, em conformidade com os padr\u00f5es e pr\u00e1ticas geralmente aceitos pela ind\u00fastria.<br>EXCETO CONFORME ESTABELECIDO AQUI OU DE OUTRA FORMA ACORDADO POR ESCRITO, O FORNECEDOR SE ISENTA DE TODAS E QUAISQUER REPRESENTA\u00c7\u00d5ES, GARANTIAS E CONDI\u00c7\u00d5ES, EXPRESSAS OU IMPL\u00cdCITAS, INCLUINDO, MAS N\u00c3O SE LIMITANDO A, GARANTIAS IMPL\u00cdCITAS DE COMERCIALIZA\u00c7\u00c3O E ADEQUA\u00c7\u00c3O A UM PROP\u00d3SITO ESPEC\u00cdFICO.<\/div>\n<div>&nbsp;<\/div>\n<h3><em><b>III. CONTATO<\/b><\/em><\/h3>\n<div>\n<p>A parte respons\u00e1vel por este site (o \u201ccontrolador\u201d) para fins de lei de prote\u00e7\u00e3o de dados \u00e9:<\/p>\n<p>Lansitec Technology Co., Ltd.<br>Sala 501, Avenida Huashen n\u00ba 21,<br>Nanquim, China<\/p>\n<p>+86-25-8335-8776<br>E-mail: contact@lansitec.com<\/p>\n<\/div>\n<h3><em><strong>IV. RMA<\/strong><\/em><\/h3>\n<div>Para devolver o produto e nos ajudar a melhorar seu desempenho, preencha o&nbsp;<a href=\"https:\/\/www.lansitec.com\/pt\/formulario-de-devolucao-de-mercadorias\/\">Formul\u00e1rio de devolu\u00e7\u00e3o de mercadorias.<\/a><\/div>\n<\/div>\n<\/div>\t\t\t\t\t\t\t\t<\/div>\n\t\t\t\t\t<\/div>\n\t\t<\/div>\n\t\t\t\t\t<\/div>\n\t\t<\/section>\n\t\t\t\t<\/div>","protected":false},"excerpt":{"rendered":"<p>GARANTIA DO PRODUTO A LANSITEC prima pela qualidade de nossos servi\u00e7os e produtos. \u00c9 importante para n\u00f3s que voc\u00ea aproveite o uso de nossos produtos, servi\u00e7os e website(s) sem comprometer sua privacidade de forma alguma. Esta pol\u00edtica descreve como garantimos a qualidade geral de nossos produtos e servi\u00e7os. Como alternativa, voc\u00ea pode entrar em contato diretamente com nossa Equipe de Produto; eles\u2026&nbsp;<a href=\"https:\/\/www.lansitec.com\/pt\/garantia\/\" rel=\"bookmark\">Ler mais \u00bb<span class=\"screen-reader-text\">Garantia<\/span><\/a><\/p>","protected":false},"author":1,"featured_media":0,"parent":0,"menu_order":0,"comment_status":"closed","ping_status":"closed","template":"elementor_header_footer","meta":{"neve_meta_sidebar":"","neve_meta_container":"","neve_meta_enable_content_width":"","neve_meta_content_width":0,"neve_meta_title_alignment":"","neve_meta_author_avatar":"","neve_post_elements_order":"","neve_meta_disable_header":"","neve_meta_disable_footer":"","neve_meta_disable_title":"","footnotes":""},"class_list":["post-2386","page","type-page","status-publish","hentry"],"_links":{"self":[{"href":"https:\/\/www.lansitec.com\/pt\/wp-json\/wp\/v2\/pages\/2386","targetHints":{"allow":["GET"]}}],"collection":[{"href":"https:\/\/www.lansitec.com\/pt\/wp-json\/wp\/v2\/pages"}],"about":[{"href":"https:\/\/www.lansitec.com\/pt\/wp-json\/wp\/v2\/types\/page"}],"author":[{"embeddable":true,"href":"https:\/\/www.lansitec.com\/pt\/wp-json\/wp\/v2\/users\/1"}],"replies":[{"embeddable":true,"href":"https:\/\/www.lansitec.com\/pt\/wp-json\/wp\/v2\/comments?post=2386"}],"version-history":[{"count":0,"href":"https:\/\/www.lansitec.com\/pt\/wp-json\/wp\/v2\/pages\/2386\/revisions"}],"wp:attachment":[{"href":"https:\/\/www.lansitec.com\/pt\/wp-json\/wp\/v2\/media?parent=2386"}],"curies":[{"name":"wp","href":"https:\/\/api.w.org\/{rel}","templated":true}]}}