{"id":5489,"date":"2023-10-27T10:02:16","date_gmt":"2023-10-27T10:02:16","guid":{"rendered":"https:\/\/www.lansitec.com\/?page_id=5489"},"modified":"2025-02-24T10:55:02","modified_gmt":"2025-02-24T10:55:02","slug":"exemption-clause","status":"publish","type":"page","link":"https:\/\/www.lansitec.com\/pt\/clausula-de-isencao\/","title":{"rendered":"Cl\u00e1usula de isen\u00e7\u00e3o"},"content":{"rendered":"<div data-elementor-type=\"wp-page\" data-elementor-id=\"5489\" class=\"elementor elementor-5489\" data-elementor-post-type=\"page\">\n\t\t\t\t\t\t<section class=\"elementor-section elementor-top-section elementor-element elementor-element-0d589d8 elementor-section-boxed elementor-section-height-default elementor-section-height-default\" data-id=\"0d589d8\" data-element_type=\"section\" data-e-type=\"section\" data-settings=\"{&quot;ekit_has_onepagescroll_dot&quot;:&quot;yes&quot;}\">\n\t\t\t\t\t\t<div class=\"elementor-container elementor-column-gap-default\">\n\t\t\t\t\t<div class=\"elementor-column elementor-col-100 elementor-top-column elementor-element elementor-element-f725ede\" data-id=\"f725ede\" data-element_type=\"column\" data-e-type=\"column\">\n\t\t\t<div class=\"elementor-widget-wrap elementor-element-populated\">\n\t\t\t\t\t\t<div class=\"elementor-element elementor-element-e1383e3 elementor-widget elementor-widget-breadcrumbs\" data-id=\"e1383e3\" data-element_type=\"widget\" data-e-type=\"widget\" data-settings=\"{&quot;ekit_we_effect_on&quot;:&quot;none&quot;}\" data-widget_type=\"breadcrumbs.default\">\n\t\t\t\t<div class=\"elementor-widget-container\">\n\t\t\t\t\t<nav aria-label=\"migalhas de p\u00e3o\" class=\"rank-math-breadcrumb\"><p><span class=\"last\">Lar<\/span><\/p><\/nav>\t\t\t\t<\/div>\n\t\t\t\t<\/div>\n\t\t\t\t\t<\/div>\n\t\t<\/div>\n\t\t\t\t\t<\/div>\n\t\t<\/section>\n\t\t\t\t<section class=\"elementor-section elementor-top-section elementor-element elementor-element-8d22540 elementor-section-boxed elementor-section-height-default elementor-section-height-default\" data-id=\"8d22540\" data-element_type=\"section\" data-e-type=\"section\" data-settings=\"{&quot;ekit_has_onepagescroll_dot&quot;:&quot;yes&quot;}\">\n\t\t\t\t\t\t<div class=\"elementor-container elementor-column-gap-default\">\n\t\t\t\t\t<div class=\"elementor-column elementor-col-100 elementor-top-column elementor-element elementor-element-dacc1fa\" data-id=\"dacc1fa\" data-element_type=\"column\" data-e-type=\"column\">\n\t\t\t<div class=\"elementor-widget-wrap elementor-element-populated\">\n\t\t\t\t\t\t<div class=\"elementor-element elementor-element-de985f0 elementor-widget elementor-widget-heading\" data-id=\"de985f0\" data-element_type=\"widget\" data-e-type=\"widget\" data-settings=\"{&quot;ekit_we_effect_on&quot;:&quot;none&quot;}\" data-widget_type=\"heading.default\">\n\t\t\t\t\t<h1 class=\"elementor-heading-title elementor-size-default\">Cl\u00e1usula de isen\u00e7\u00e3o<\/h1>\t\t\t\t<\/div>\n\t\t\t\t<div class=\"elementor-element elementor-element-8463dab elementor-widget elementor-widget-text-editor\" data-id=\"8463dab\" data-element_type=\"widget\" data-e-type=\"widget\" data-settings=\"{&quot;ekit_we_effect_on&quot;:&quot;none&quot;}\" data-widget_type=\"text-editor.default\">\n\t\t\t\t\t\t\t\t\t<p>A Lansitec envida todos os esfor\u00e7os para garantir que todo o seu conte\u00fado publicit\u00e1rio e de marketing seja preciso e atualizado. No entanto, a Lansitec n\u00e3o pode garantir que todas as informa\u00e7\u00f5es contidas em seus materiais publicit\u00e1rios e de marketing sejam totalmente precisas ou isentas de erros em todos os momentos. A Lansitec reserva-se o direito de corrigir quaisquer erros ou omiss\u00f5es em seus materiais publicit\u00e1rios e de marketing a qualquer momento, sem aviso pr\u00e9vio.<\/p><p>A Lansitec n\u00e3o \u00e9 respons\u00e1vel por quaisquer danos, sejam eles diretos, indiretos, incidentais, especiais, consequenciais ou exemplares, decorrentes ou relacionados ao uso ou confian\u00e7a em qualquer informa\u00e7\u00e3o contida em seus materiais de publicidade e marketing.<\/p><p><strong>Esta cl\u00e1usula de exce\u00e7\u00e3o se aplica a todo o conte\u00fado de publicidade e marketing da Lansitec, incluindo, mas n\u00e3o se limitando a:<\/strong><\/p>\t\t\t\t\t\t\t\t<\/div>\n\t\t\t\t<div class=\"elementor-element elementor-element-3de220b elementor-widget elementor-widget-text-editor\" data-id=\"3de220b\" data-element_type=\"widget\" data-e-type=\"widget\" data-settings=\"{&quot;ekit_we_effect_on&quot;:&quot;none&quot;}\" data-widget_type=\"text-editor.default\">\n\t\t\t\t\t\t\t\t\t<ul><li>Conte\u00fado do site<\/li><li>Postagens em m\u00eddias sociais<\/li><li>Campanhas de marketing por e-mail<\/li><li>Publicidade impressa<\/li><li>Comerciais de televis\u00e3o e r\u00e1dio<\/li><\/ul>\t\t\t\t\t\t\t\t<\/div>\n\t\t\t\t<div class=\"elementor-element elementor-element-0c45133 elementor-widget elementor-widget-text-editor\" data-id=\"0c45133\" data-element_type=\"widget\" data-e-type=\"widget\" data-settings=\"{&quot;ekit_we_effect_on&quot;:&quot;none&quot;}\" data-widget_type=\"text-editor.default\">\n\t\t\t\t\t\t\t\t\t<p>Caso voc\u00ea tenha alguma d\u00favida ou preocupa\u00e7\u00e3o sobre as informa\u00e7\u00f5es contidas nos materiais de publicidade e marketing da Lansitec, n\u00e3o hesite em entrar em contato conosco.<\/p><p><strong>Notas adicionais:<\/strong><\/p>\t\t\t\t\t\t\t\t<\/div>\n\t\t\t\t<div class=\"elementor-element elementor-element-ef9e729 elementor-widget elementor-widget-text-editor\" data-id=\"ef9e729\" data-element_type=\"widget\" data-e-type=\"widget\" data-settings=\"{&quot;ekit_we_effect_on&quot;:&quot;none&quot;}\" data-widget_type=\"text-editor.default\">\n\t\t\t\t\t\t\t\t\t<ul><li>A Lansitec pode atualizar esta cl\u00e1usula de exce\u00e7\u00e3o a qualquer momento, sem aviso pr\u00e9vio.<\/li><li>Esta cl\u00e1usula de exce\u00e7\u00e3o \u00e9 regida e interpretada de acordo com as leis da Rep\u00fablica Popular da China.<\/li><li>Quaisquer disputas decorrentes ou relacionadas a esta cl\u00e1usula de exce\u00e7\u00e3o estar\u00e3o sujeitas \u00e0 jurisdi\u00e7\u00e3o exclusiva dos tribunais da Rep\u00fablica Popular da China.<\/li><\/ul>\t\t\t\t\t\t\t\t<\/div>\n\t\t\t\t\t<\/div>\n\t\t<\/div>\n\t\t\t\t\t<\/div>\n\t\t<\/section>\n\t\t\t\t<\/div>","protected":false},"excerpt":{"rendered":"<p>Exemption Clause Lansitec uses its best efforts to ensure that all of its advertising and marketing content is accurate and up-to-date. However, Lansitec cannot guarantee that all information contained in its advertising and marketing materials will be completely accurate or error-free at all times. Lansitec reserves the right to correct any errors or omissions in&hellip;&nbsp;<a href=\"https:\/\/www.lansitec.com\/pt\/clausula-de-isencao\/\" rel=\"bookmark\">Ler mais \u00bb<span class=\"screen-reader-text\">Cl\u00e1usula de isen\u00e7\u00e3o<\/span><\/a><\/p>","protected":false},"author":1,"featured_media":0,"parent":0,"menu_order":0,"comment_status":"closed","ping_status":"closed","template":"elementor_header_footer","meta":{"neve_meta_sidebar":"","neve_meta_container":"","neve_meta_enable_content_width":"","neve_meta_content_width":0,"neve_meta_title_alignment":"","neve_meta_author_avatar":"","neve_post_elements_order":"","neve_meta_disable_header":"","neve_meta_disable_footer":"","neve_meta_disable_title":"","footnotes":""},"class_list":["post-5489","page","type-page","status-publish","hentry"],"_links":{"self":[{"href":"https:\/\/www.lansitec.com\/pt\/wp-json\/wp\/v2\/pages\/5489","targetHints":{"allow":["GET"]}}],"collection":[{"href":"https:\/\/www.lansitec.com\/pt\/wp-json\/wp\/v2\/pages"}],"about":[{"href":"https:\/\/www.lansitec.com\/pt\/wp-json\/wp\/v2\/types\/page"}],"author":[{"embeddable":true,"href":"https:\/\/www.lansitec.com\/pt\/wp-json\/wp\/v2\/users\/1"}],"replies":[{"embeddable":true,"href":"https:\/\/www.lansitec.com\/pt\/wp-json\/wp\/v2\/comments?post=5489"}],"version-history":[{"count":0,"href":"https:\/\/www.lansitec.com\/pt\/wp-json\/wp\/v2\/pages\/5489\/revisions"}],"wp:attachment":[{"href":"https:\/\/www.lansitec.com\/pt\/wp-json\/wp\/v2\/media?parent=5489"}],"curies":[{"name":"wp","href":"https:\/\/api.w.org\/{rel}","templated":true}]}}