{"id":6500,"date":"2024-03-20T18:11:26","date_gmt":"2024-03-20T18:11:26","guid":{"rendered":"https:\/\/www.lansitec.com\/?page_id=6500"},"modified":"2025-09-24T05:48:54","modified_gmt":"2025-09-24T12:48:54","slug":"applications","status":"publish","type":"page","link":"https:\/\/www.lansitec.com\/pt\/aplicacoes\/","title":{"rendered":"Aplica\u00e7\u00f5es"},"content":{"rendered":"<div data-elementor-type=\"wp-page\" data-elementor-id=\"6500\" class=\"elementor elementor-6500\" data-elementor-post-type=\"page\">\n\t\t\t\t\t\t<section class=\"elementor-section elementor-top-section elementor-element elementor-element-b63da2 elementor-section-boxed elementor-section-height-default elementor-section-height-default\" data-id=\"b63da2\" data-element_type=\"section\" data-e-type=\"section\" data-settings=\"{&quot;background_background&quot;:&quot;classic&quot;,&quot;ekit_has_onepagescroll_dot&quot;:&quot;yes&quot;}\">\n\t\t\t\t\t\t<div class=\"elementor-container elementor-column-gap-default\">\n\t\t\t\t\t<div class=\"elementor-column elementor-col-100 elementor-top-column elementor-element elementor-element-186218a6\" data-id=\"186218a6\" data-element_type=\"column\" data-e-type=\"column\">\n\t\t\t<div class=\"elementor-widget-wrap elementor-element-populated\">\n\t\t\t\t\t\t<div class=\"elementor-element elementor-element-7a3fda86 elementor-widget elementor-widget-elementskit-heading\" data-id=\"7a3fda86\" data-element_type=\"widget\" data-e-type=\"widget\" data-settings=\"{&quot;ekit_we_effect_on&quot;:&quot;none&quot;}\" data-widget_type=\"elementskit-heading.default\">\n\t\t\t\t\t<div class=\"ekit-wid-con\" ><div class=\"ekit-heading elementskit-section-title-wraper text_center   ekit_heading_tablet-   ekit_heading_mobile-\"><h1 class=\"ekit-heading--title elementskit-section-title\">Trazer <span><span>Inovador<\/span><\/span> Solu\u00e7\u00f5es de aplicativos de rastreamento<\/h1>\t\t\t\t<div class='ekit-heading__description'>\n\t\t\t\t\t<p>Na Lansitec, dedicamo-nos a ser pioneiros no futuro das aplica\u00e7\u00f5es de rastreamento da IoT. <a href=\"https:\/\/www.lansitec.com\/it\/soluzioni\/\">solu\u00e7\u00f5es<\/a>, oferecendo uma ampla variedade de <a href=\"https:\/\/www.lansitec.com\/it\/prodotti\/\">produtos<\/a> Projetadas para atender \u00e0s diversas necessidades de nossos clientes, nossas solu\u00e7\u00f5es s\u00e3o personalizadas para aprimorar a gest\u00e3o de ativos e pessoal por meio do uso inovador da tecnologia, proporcionando precis\u00e3o, efici\u00eancia e confiabilidade incompar\u00e1veis.<\/p>\n\t\t\t\t<\/div>\n\t\t\t<\/div><\/div>\t\t\t\t<\/div>\n\t\t\t\t<section class=\"elementor-section elementor-inner-section elementor-element elementor-element-a4ba22b elementor-section-boxed elementor-section-height-default elementor-section-height-default\" data-id=\"a4ba22b\" data-element_type=\"section\" data-e-type=\"section\" data-settings=\"{&quot;ekit_has_onepagescroll_dot&quot;:&quot;yes&quot;}\">\n\t\t\t\t\t\t<div class=\"elementor-container elementor-column-gap-default\">\n\t\t\t\t\t<div class=\"elementor-column elementor-col-33 elementor-inner-column elementor-element elementor-element-542aaf40\" data-id=\"542aaf40\" data-element_type=\"column\" data-e-type=\"column\">\n\t\t\t<div class=\"elementor-widget-wrap elementor-element-populated\">\n\t\t\t\t\t\t<div class=\"elementor-element elementor-element-2b1cb7ed ekit-equal-height-disable elementor-widget elementor-widget-elementskit-image-box\" data-id=\"2b1cb7ed\" data-element_type=\"widget\" data-e-type=\"widget\" data-settings=\"{&quot;ekit_we_effect_on&quot;:&quot;none&quot;}\" data-widget_type=\"elementskit-image-box.default\">\n\t\t\t\t\t<div class=\"ekit-wid-con\" >\n            <div class=\"elementskit-info-image-box ekit-image-box text-left style-sideline\" >\n\n                \n                <div class=\"elementskit-box-header image-box-img-left\">\n\n                    <img fetchpriority=\"high\" decoding=\"async\" width=\"768\" height=\"553\" src=\"https:\/\/www.lansitec.com\/wp-content\/uploads\/2025\/02\/Shipping-Containers-GPS-Tracking.png\" class=\"attachment-medium_large size-medium_large wp-image-13723\" alt=\"Rastreamento GPS de cont\u00eaineres de transporte\" title=\"\">\n                <\/div>\n                \n                <div class=\"elementskit-box-body ekit-image-box-body\">\n                    <div class=\"elementskit-box-content ekit-image-box-body-inner\">\n                                                <h3 class=\"elementskit-info-box-title\">\n\n                        Rastreamento de cont\u00eaineres de transporte\n                        \n                    <\/h3>\n                                                            <div class=\"elementskit-box-style-content\">\n                        O rastreamento de localiza\u00e7\u00e3o no mar \u00e9 um desafio por si s\u00f3, pois \u00e9 um ambiente hostil para a propaga\u00e7\u00e3o de ondas de r\u00e1dio, al\u00e9m de infraestrutura limitada, regulamenta\u00e7\u00f5es mar\u00edtimas e muito mais.                    <\/div>\n                                    <\/div>\n\n                                <div class=\"elementskit-box-footer\">\n                    <div class=\"box-footer\">\n                        <div class=\"btn-wraper\">\n                                                            <a href=\"https:\/\/www.lansitec.com\/pt\/blogs\/rastreamento-de-conteineres-maritimos-com-monitor-de-localizacao-em-tempo-real\/\" class=\"elementskit-btn whitespace--normal\">\n                                    \n                                    \n                                    Explore o rastreamento de cont\u00eaineres mar\u00edtimos                                <\/a>\n                                                        <\/div>\n                    <\/div>\n                <\/div>\n                            <\/div>\n            <\/div>\n    <\/div>\t\t\t\t<\/div>\n\t\t\t\t<div class=\"elementor-element elementor-element-584b4aa ekit-equal-height-disable elementor-widget elementor-widget-elementskit-image-box\" data-id=\"584b4aa\" data-element_type=\"widget\" data-e-type=\"widget\" data-settings=\"{&quot;ekit_we_effect_on&quot;:&quot;none&quot;}\" data-widget_type=\"elementskit-image-box.default\">\n\t\t\t\t\t<div class=\"ekit-wid-con\" >\n            <div class=\"elementskit-info-image-box ekit-image-box text-left style-sideline\" >\n\n                \n                <div class=\"elementskit-box-header image-box-img-left\">\n\n                    <img decoding=\"async\" width=\"768\" height=\"553\" src=\"https:\/\/www.lansitec.com\/wp-content\/uploads\/2025\/09\/Water-Pump-Station.png\" class=\"attachment-medium_large size-medium_large wp-image-17177\" alt=\"Monitoramento de sistemas de bombas e motores\" title=\"\">\n                <\/div>\n                \n                <div class=\"elementskit-box-body ekit-image-box-body\">\n                    <div class=\"elementskit-box-content ekit-image-box-body-inner\">\n                                                <h3 class=\"elementskit-info-box-title\">\n\n                        Monitoramento de sistemas de bombas e motores\n                        \n                    <\/h3>\n                                                            <div class=\"elementskit-box-style-content\">\n                        Monitorar o estado dos motores \u00e9 crucial para garantir seu desempenho eficaz e confi\u00e1vel. Sistemas industriais s\u00e3o suscet\u00edveis a desgaste, desalinhamento e outros problemas que causam vibra\u00e7\u00f5es excessivas, potencialmente levando a paradas dispendiosas ou falhas no equipamento.                    <\/div>\n                                    <\/div>\n\n                                <div class=\"elementskit-box-footer\">\n                    <div class=\"box-footer\">\n                        <div class=\"btn-wraper\">\n                                                            <a href=\"https:\/\/www.lansitec.com\/pt\/aplicacoes\/monitoramento-de-sistemas-de-motores-de-bombas\/\" class=\"elementskit-btn whitespace--normal\">\n                                    \n                                    \n                                    Solu\u00e7\u00e3o para sistemas de monitoramento de bombas e motores Exlore                                <\/a>\n                                                        <\/div>\n                    <\/div>\n                <\/div>\n                            <\/div>\n            <\/div>\n    <\/div>\t\t\t\t<\/div>\n\t\t\t\t<div class=\"elementor-element elementor-element-ab944d0 ekit-equal-height-disable elementor-widget elementor-widget-elementskit-image-box\" data-id=\"ab944d0\" data-element_type=\"widget\" data-e-type=\"widget\" data-settings=\"{&quot;ekit_we_effect_on&quot;:&quot;none&quot;}\" data-widget_type=\"elementskit-image-box.default\">\n\t\t\t\t\t<div class=\"ekit-wid-con\" >\n            <div class=\"elementskit-info-image-box ekit-image-box text-left style-sideline\" >\n\n                \n                <div class=\"elementskit-box-header image-box-img-left\">\n\n                    <img decoding=\"async\" width=\"768\" height=\"553\" src=\"https:\/\/www.lansitec.com\/wp-content\/uploads\/2025\/09\/Nursing-Home-Patient-Elder-Care.png\" class=\"attachment-medium_large size-medium_large wp-image-17180\" alt=\"Instala\u00e7\u00f5es para pacientes com dem\u00eancia\" title=\"\">\n                <\/div>\n                \n                <div class=\"elementskit-box-body ekit-image-box-body\">\n                    <div class=\"elementskit-box-content ekit-image-box-body-inner\">\n                                                <h3 class=\"elementskit-info-box-title\">\n\n                        Instala\u00e7\u00f5es para pacientes com dem\u00eancia\n                        \n                    <\/h3>\n                                                            <div class=\"elementskit-box-style-content\">\n                        A implementa\u00e7\u00e3o de <a href=\"https:\/\/www.lansitec.com\/it\/prodotti\/braccialetto-bluetooth-indossabile-i5-con-faro\/\">i5<\/a> Vest\u00edvel <a href=\"https:\/\/www.lansitec.com\/it\/fari-bluetooth\/\">Beacons Bluetooth<\/a> em instala\u00e7\u00f5es de tratamento de dem\u00eancia, demonstrando como essa tecnologia aborda desafios cr\u00edticos na seguran\u00e7a do paciente, efici\u00eancia da equipe e qualidade geral do atendimento.                    <\/div>\n                                    <\/div>\n\n                                <div class=\"elementskit-box-footer\">\n                    <div class=\"box-footer\">\n                        <div class=\"btn-wraper\">\n                                                            <a href=\"https:\/\/www.lansitec.com\/pt\/aplicacoes\/atendimento-ao-paciente-em-instalacoes-para-demencia\/\" class=\"elementskit-btn whitespace--normal\">\n                                    \n                                    \n                                    Explore a solu\u00e7\u00e3o de atendimento ao paciente em instala\u00e7\u00f5es para dem\u00eancia                                <\/a>\n                                                        <\/div>\n                    <\/div>\n                <\/div>\n                            <\/div>\n            <\/div>\n    <\/div>\t\t\t\t<\/div>\n\t\t\t\t\t<\/div>\n\t\t<\/div>\n\t\t\t\t<div class=\"elementor-column elementor-col-33 elementor-inner-column elementor-element elementor-element-e9479b7\" data-id=\"e9479b7\" data-element_type=\"column\" data-e-type=\"column\">\n\t\t\t<div class=\"elementor-widget-wrap elementor-element-populated\">\n\t\t\t\t\t\t<div class=\"elementor-element elementor-element-496e96e ekit-equal-height-disable elementor-widget elementor-widget-elementskit-image-box\" data-id=\"496e96e\" data-element_type=\"widget\" data-e-type=\"widget\" data-settings=\"{&quot;ekit_we_effect_on&quot;:&quot;none&quot;}\" data-widget_type=\"elementskit-image-box.default\">\n\t\t\t\t\t<div class=\"ekit-wid-con\" >\n            <div class=\"elementskit-info-image-box ekit-image-box text-left style-sideline\" >\n\n                \n                <div class=\"elementskit-box-header image-box-img-left\">\n\n                    <img loading=\"lazy\" decoding=\"async\" width=\"768\" height=\"553\" src=\"https:\/\/www.lansitec.com\/wp-content\/uploads\/2025\/09\/Construction-Site-Building-View.png\" class=\"attachment-medium_large size-medium_large wp-image-17175\" alt=\"Rastreamento de trabalhadores em canteiros de obras\" title=\"\">\n                <\/div>\n                \n                <div class=\"elementskit-box-body ekit-image-box-body\">\n                    <div class=\"elementskit-box-content ekit-image-box-body-inner\">\n                                                <h3 class=\"elementskit-info-box-title\">\n\n                        Rastreamento de trabalhadores em canteiros de obras\n                        \n                    <\/h3>\n                                                            <div class=\"elementskit-box-style-content\">\n                        Locais de trabalho industriais, como canteiros de obras, f\u00e1bricas e armaz\u00e9ns, frequentemente exp\u00f5em os trabalhadores a riscos. Garantir a seguran\u00e7a dos trabalhadores e, ao mesmo tempo, manter a produtividade \u00e9 um desafio crucial.                    <\/div>\n                                    <\/div>\n\n                                <div class=\"elementskit-box-footer\">\n                    <div class=\"box-footer\">\n                        <div class=\"btn-wraper\">\n                                                            <a href=\"https:\/\/www.lansitec.com\/pt\/blogs\/seguranca-do-trabalhador-industrial-com-solucoes-de-capacete-inteligente-e-pulseira-bluetooth\/\" class=\"elementskit-btn whitespace--normal\">\n                                    \n                                    \n                                    Explore a solu\u00e7\u00e3o de rastreamento de trabalhadores em canteiros de obras                                <\/a>\n                                                        <\/div>\n                    <\/div>\n                <\/div>\n                            <\/div>\n            <\/div>\n    <\/div>\t\t\t\t<\/div>\n\t\t\t\t<div class=\"elementor-element elementor-element-60fc083 ekit-equal-height-disable elementor-widget elementor-widget-elementskit-image-box\" data-id=\"60fc083\" data-element_type=\"widget\" data-e-type=\"widget\" data-settings=\"{&quot;ekit_we_effect_on&quot;:&quot;none&quot;}\" data-widget_type=\"elementskit-image-box.default\">\n\t\t\t\t\t<div class=\"ekit-wid-con\" >\n            <div class=\"elementskit-info-image-box ekit-image-box text-left style-sideline\" >\n\n                \n                <div class=\"elementskit-box-header image-box-img-left\">\n\n                    <img loading=\"lazy\" decoding=\"async\" width=\"768\" height=\"553\" src=\"https:\/\/www.lansitec.com\/wp-content\/uploads\/2025\/09\/Smart-Cattle-Tracking-with-Eartag.png\" class=\"attachment-medium_large size-medium_large wp-image-17178\" alt=\"Rastreamento Inteligente de Gado\" title=\"\">\n                <\/div>\n                \n                <div class=\"elementskit-box-body ekit-image-box-body\">\n                    <div class=\"elementskit-box-content ekit-image-box-body-inner\">\n                                                <h3 class=\"elementskit-info-box-title\">\n\n                        Rastreamento Inteligente de Gado\n                        \n                    <\/h3>\n                                                            <div class=\"elementskit-box-style-content\">\n                        As opera\u00e7\u00f5es pecu\u00e1rias modernas enfrentam diversos desafios cr\u00edticos que impactam a produtividade, o bem-estar animal e os custos operacionais. Esses desafios s\u00e3o particularmente graves em regi\u00f5es com climas rigorosos e recursos h\u00eddricos limitados.                    <\/div>\n                                    <\/div>\n\n                                <div class=\"elementskit-box-footer\">\n                    <div class=\"box-footer\">\n                        <div class=\"btn-wraper\">\n                                                            <a href=\"https:\/\/www.lansitec.com\/pt\/aplicacoes\/solucao-inteligente-de-rastreamento-de-gado\/\" class=\"elementskit-btn whitespace--normal\">\n                                    \n                                    \n                                    Explore a solu\u00e7\u00e3o de rastreamento inteligente de gado                                <\/a>\n                                                        <\/div>\n                    <\/div>\n                <\/div>\n                            <\/div>\n            <\/div>\n    <\/div>\t\t\t\t<\/div>\n\t\t\t\t<div class=\"elementor-element elementor-element-4089606 ekit-equal-height-disable elementor-widget elementor-widget-elementskit-image-box\" data-id=\"4089606\" data-element_type=\"widget\" data-e-type=\"widget\" data-settings=\"{&quot;ekit_we_effect_on&quot;:&quot;none&quot;}\" data-widget_type=\"elementskit-image-box.default\">\n\t\t\t\t\t<div class=\"ekit-wid-con\" >\n            <div class=\"elementskit-info-image-box ekit-image-box text-left style-sideline\" >\n\n                \n                <div class=\"elementskit-box-header image-box-img-left\">\n\n                    <img loading=\"lazy\" decoding=\"async\" width=\"768\" height=\"553\" src=\"https:\/\/www.lansitec.com\/wp-content\/uploads\/2025\/09\/Contact-Tracing-Keep-Social-Distance.png\" class=\"attachment-medium_large size-medium_large wp-image-17181\" alt=\"Solu\u00e7\u00f5es de Rastreamento de Contatos\" title=\"\">\n                <\/div>\n                \n                <div class=\"elementskit-box-body ekit-image-box-body\">\n                    <div class=\"elementskit-box-content ekit-image-box-body-inner\">\n                                                <h3 class=\"elementskit-info-box-title\">\n\n                        Solu\u00e7\u00f5es de Rastreamento de Contatos\n                        \n                    <\/h3>\n                                                            <div class=\"elementskit-box-style-content\">\n                        O cen\u00e1rio em r\u00e1pida evolu\u00e7\u00e3o da gest\u00e3o de eventos de grande escala, particularmente no contexto de protocolos de sa\u00fade e seguran\u00e7a como o distanciamento social, exige tecnologias inovadoras. <a href=\"https:\/\/www.lansitec.com\/it\/soluzioni\/\">solu\u00e7\u00f5es<\/a>.                    <\/div>\n                                    <\/div>\n\n                                <div class=\"elementskit-box-footer\">\n                    <div class=\"box-footer\">\n                        <div class=\"btn-wraper\">\n                                                            <a href=\"https:\/\/www.lansitec.com\/pt\/aplicacoes\/rastreamento-de-contatos\/\" class=\"elementskit-btn whitespace--normal\">\n                                    \n                                    \n                                    Explore solu\u00e7\u00f5es de rastreamento de contatos                                <\/a>\n                                                        <\/div>\n                    <\/div>\n                <\/div>\n                            <\/div>\n            <\/div>\n    <\/div>\t\t\t\t<\/div>\n\t\t\t\t\t<\/div>\n\t\t<\/div>\n\t\t\t\t<div class=\"elementor-column elementor-col-33 elementor-inner-column elementor-element elementor-element-3697e46d\" data-id=\"3697e46d\" data-element_type=\"column\" data-e-type=\"column\">\n\t\t\t<div class=\"elementor-widget-wrap elementor-element-populated\">\n\t\t\t\t\t\t<div class=\"elementor-element elementor-element-ab4d4e0 ekit-equal-height-disable elementor-widget elementor-widget-elementskit-image-box\" data-id=\"ab4d4e0\" data-element_type=\"widget\" data-e-type=\"widget\" data-settings=\"{&quot;ekit_we_effect_on&quot;:&quot;none&quot;}\" data-widget_type=\"elementskit-image-box.default\">\n\t\t\t\t\t<div class=\"ekit-wid-con\" >\n            <div class=\"elementskit-info-image-box ekit-image-box text-left style-sideline\" >\n\n                \n                <div class=\"elementskit-box-header image-box-img-left\">\n\n                    <img loading=\"lazy\" decoding=\"async\" width=\"768\" height=\"553\" src=\"https:\/\/www.lansitec.com\/wp-content\/uploads\/2025\/09\/Parking-Lot-Low-Angle-View.png\" class=\"attachment-medium_large size-medium_large wp-image-17176\" alt=\"Rastreamento de carros e chaves\" title=\"\">\n                <\/div>\n                \n                <div class=\"elementskit-box-body ekit-image-box-body\">\n                    <div class=\"elementskit-box-content ekit-image-box-body-inner\">\n                                                <h3 class=\"elementskit-info-box-title\">\n\n                        Rastreamento de carros e chaves\n                        \n                    <\/h3>\n                                                            <div class=\"elementskit-box-style-content\">\n                        Hoje em dia, as concession\u00e1rias de autom\u00f3veis enfrentam desafios relacionados \u00e0 gest\u00e3o eficiente do estoque de ve\u00edculos e \u00e0 garantia da seguran\u00e7a das chaves. Com uma grande frota de carros e intera\u00e7\u00f5es frequentes com os clientes, elas precisavam de uma solu\u00e7\u00e3o confi\u00e1vel em tempo real para rastrear ve\u00edculos e chaves.                    <\/div>\n                                    <\/div>\n\n                                <div class=\"elementskit-box-footer\">\n                    <div class=\"box-footer\">\n                        <div class=\"btn-wraper\">\n                                                            <a href=\"https:\/\/www.lansitec.com\/pt\/blogs\/solucao-movel-lansitec-b-para-rastreamento-de-chaves-de-carro-em-concessionarias\/\" class=\"elementskit-btn whitespace--normal\">\n                                    \n                                    \n                                    Explore a solu\u00e7\u00e3o de rastreamento de carros e chaves                                <\/a>\n                                                        <\/div>\n                    <\/div>\n                <\/div>\n                            <\/div>\n            <\/div>\n    <\/div>\t\t\t\t<\/div>\n\t\t\t\t<div class=\"elementor-element elementor-element-3bf866b ekit-equal-height-disable elementor-widget elementor-widget-elementskit-image-box\" data-id=\"3bf866b\" data-element_type=\"widget\" data-e-type=\"widget\" data-settings=\"{&quot;ekit_we_effect_on&quot;:&quot;none&quot;}\" data-widget_type=\"elementskit-image-box.default\">\n\t\t\t\t\t<div class=\"ekit-wid-con\" >\n            <div class=\"elementskit-info-image-box ekit-image-box text-left style-sideline\" >\n\n                \n                <div class=\"elementskit-box-header image-box-img-left\">\n\n                    <img loading=\"lazy\" decoding=\"async\" width=\"768\" height=\"553\" src=\"https:\/\/www.lansitec.com\/wp-content\/uploads\/2025\/09\/Hotel-Room-Hallway.png\" class=\"attachment-medium_large size-medium_large wp-image-17179\" alt=\"Sistema de resposta a emerg\u00eancias de hot\u00e9is\" title=\"\">\n                <\/div>\n                \n                <div class=\"elementskit-box-body ekit-image-box-body\">\n                    <div class=\"elementskit-box-content ekit-image-box-body-inner\">\n                                                <h3 class=\"elementskit-info-box-title\">\n\n                        Sistema de resposta a emerg\u00eancias de hot\u00e9is\n                        \n                    <\/h3>\n                                                            <div class=\"elementskit-box-style-content\">\n                        Um hotel com v\u00e1rios quartos e andares busca fornecer \u00e0 sua equipe de limpeza e funcion\u00e1rios um sistema de alerta de emerg\u00eancia eficiente. Os funcion\u00e1rios do hotel, especialmente os de limpeza, costumam trabalhar sozinhos nos quartos. Eles precisam de uma maneira r\u00e1pida de pedir ajuda em emerg\u00eancias como amea\u00e7as \u00e0 seguran\u00e7a, emerg\u00eancias m\u00e9dicas, derramamentos perigosos ou acidentes.                    <\/div>\n                                    <\/div>\n\n                                <div class=\"elementskit-box-footer\">\n                    <div class=\"box-footer\">\n                        <div class=\"btn-wraper\">\n                                                            <a href=\"https:\/\/www.lansitec.com\/pt\/aplicacoes\/sistema-de-resposta-a-emergencias-em-quartos-de-hotel\/\" class=\"elementskit-btn whitespace--normal\">\n                                    \n                                    \n                                    Solu\u00e7\u00e3o de Sistema de Resposta a Emerg\u00eancias para Hot\u00e9is Exlore                                <\/a>\n                                                        <\/div>\n                    <\/div>\n                <\/div>\n                            <\/div>\n            <\/div>\n    <\/div>\t\t\t\t<\/div>\n\t\t\t\t\t<\/div>\n\t\t<\/div>\n\t\t\t\t\t<\/div>\n\t\t<\/section>\n\t\t\t\t\t<\/div>\n\t\t<\/div>\n\t\t\t\t\t<\/div>\n\t\t<\/section>\n\t\t\t\t<\/div>","protected":false},"excerpt":{"rendered":"<p>Trazendo Solu\u00e7\u00f5es Inovadoras para Aplica\u00e7\u00f5es de Rastreamento. Na Lansitec, nos dedicamos a ser pioneiros no futuro das solu\u00e7\u00f5es para aplica\u00e7\u00f5es de rastreamento em IoT, oferecendo uma ampla gama de produtos projetados para atender \u00e0s diversas necessidades de nossos clientes. Nossas ofertas s\u00e3o personalizadas para aprimorar a gest\u00e3o de ativos e pessoas por meio do uso inovador da tecnologia, proporcionando precis\u00e3o, efici\u00eancia e confiabilidade incompar\u00e1veis.&nbsp;<a href=\"https:\/\/www.lansitec.com\/pt\/aplicacoes\/\" rel=\"bookmark\">Ler mais \u00bb<span class=\"screen-reader-text\">Aplica\u00e7\u00f5es<\/span><\/a><\/p>","protected":false},"author":1,"featured_media":0,"parent":0,"menu_order":0,"comment_status":"closed","ping_status":"closed","template":"elementor_header_footer","meta":{"neve_meta_sidebar":"","neve_meta_container":"","neve_meta_enable_content_width":"","neve_meta_content_width":0,"neve_meta_title_alignment":"","neve_meta_author_avatar":"","neve_post_elements_order":"","neve_meta_disable_header":"","neve_meta_disable_footer":"","neve_meta_disable_title":"","footnotes":""},"class_list":["post-6500","page","type-page","status-publish","hentry"],"_links":{"self":[{"href":"https:\/\/www.lansitec.com\/pt\/wp-json\/wp\/v2\/pages\/6500","targetHints":{"allow":["GET"]}}],"collection":[{"href":"https:\/\/www.lansitec.com\/pt\/wp-json\/wp\/v2\/pages"}],"about":[{"href":"https:\/\/www.lansitec.com\/pt\/wp-json\/wp\/v2\/types\/page"}],"author":[{"embeddable":true,"href":"https:\/\/www.lansitec.com\/pt\/wp-json\/wp\/v2\/users\/1"}],"replies":[{"embeddable":true,"href":"https:\/\/www.lansitec.com\/pt\/wp-json\/wp\/v2\/comments?post=6500"}],"version-history":[{"count":0,"href":"https:\/\/www.lansitec.com\/pt\/wp-json\/wp\/v2\/pages\/6500\/revisions"}],"wp:attachment":[{"href":"https:\/\/www.lansitec.com\/pt\/wp-json\/wp\/v2\/media?parent=6500"}],"curies":[{"name":"wp","href":"https:\/\/api.w.org\/{rel}","templated":true}]}}