{"id":820,"date":"2023-02-16T06:10:54","date_gmt":"2023-02-16T06:10:54","guid":{"rendered":"https:\/\/www.lansitec.com\/?page_id=820"},"modified":"2025-01-31T08:53:56","modified_gmt":"2025-01-31T08:53:56","slug":"use-case-chemical-industry","status":"publish","type":"page","link":"https:\/\/www.lansitec.com\/pt\/caso-de-uso-industria-quimica\/","title":{"rendered":"Caso de uso Ind\u00fastria Qu\u00edmica"},"content":{"rendered":"<div data-elementor-type=\"wp-page\" data-elementor-id=\"820\" class=\"elementor elementor-820\" data-elementor-post-type=\"page\">\n\t\t\t\t\t\t<section class=\"elementor-section elementor-top-section elementor-element elementor-element-93e2029 elementor-section-boxed elementor-section-height-default elementor-section-height-default\" data-id=\"93e2029\" data-element_type=\"section\" data-e-type=\"section\" data-settings=\"{&quot;ekit_has_onepagescroll_dot&quot;:&quot;yes&quot;}\">\n\t\t\t\t\t\t<div class=\"elementor-container elementor-column-gap-default\">\n\t\t\t\t\t<div class=\"elementor-column elementor-col-100 elementor-top-column elementor-element elementor-element-26808a5\" data-id=\"26808a5\" data-element_type=\"column\" data-e-type=\"column\">\n\t\t\t<div class=\"elementor-widget-wrap elementor-element-populated\">\n\t\t\t\t\t\t<div class=\"elementor-element elementor-element-6de6f1b elementor-widget elementor-widget-breadcrumbs\" data-id=\"6de6f1b\" data-element_type=\"widget\" data-e-type=\"widget\" data-settings=\"{&quot;ekit_we_effect_on&quot;:&quot;none&quot;}\" data-widget_type=\"breadcrumbs.default\">\n\t\t\t\t<div class=\"elementor-widget-container\">\n\t\t\t\t\t<nav aria-label=\"migalhas de p\u00e3o\" class=\"rank-math-breadcrumb\"><p><span class=\"last\">Lar<\/span><\/p><\/nav>\t\t\t\t<\/div>\n\t\t\t\t<\/div>\n\t\t\t\t\t<\/div>\n\t\t<\/div>\n\t\t\t\t\t<\/div>\n\t\t<\/section>\n\t\t\t\t<section class=\"elementor-section elementor-top-section elementor-element elementor-element-fb7f78a elementor-section-height-min-height elementor-section-stretched elementor-section-boxed elementor-section-height-default elementor-section-items-middle\" data-id=\"fb7f78a\" data-element_type=\"section\" data-e-type=\"section\" data-settings=\"{&quot;stretch_section&quot;:&quot;section-stretched&quot;,&quot;background_background&quot;:&quot;classic&quot;,&quot;ekit_has_onepagescroll_dot&quot;:&quot;yes&quot;}\">\n\t\t\t\t\t\t\t<div class=\"elementor-background-overlay\"><\/div>\n\t\t\t\t\t\t\t<div class=\"elementor-container elementor-column-gap-default\">\n\t\t\t\t\t<div class=\"elementor-column elementor-col-100 elementor-top-column elementor-element elementor-element-c5c3725\" data-id=\"c5c3725\" data-element_type=\"column\" data-e-type=\"column\">\n\t\t\t<div class=\"elementor-widget-wrap elementor-element-populated\">\n\t\t\t\t\t\t<div class=\"elementor-element elementor-element-1c43025 elementor-widget elementor-widget-heading\" data-id=\"1c43025\" data-element_type=\"widget\" data-e-type=\"widget\" data-settings=\"{&quot;ekit_we_effect_on&quot;:&quot;none&quot;}\" data-widget_type=\"heading.default\">\n\t\t\t\t\t<h1 class=\"elementor-heading-title elementor-size-default\">CASO DE USO<\/h1>\t\t\t\t<\/div>\n\t\t\t\t<div class=\"elementor-element elementor-element-81e4514 elementor-widget elementor-widget-heading\" data-id=\"81e4514\" data-element_type=\"widget\" data-e-type=\"widget\" data-settings=\"{&quot;ekit_we_effect_on&quot;:&quot;none&quot;}\" data-widget_type=\"heading.default\">\n\t\t\t\t\t<h1 class=\"elementor-heading-title elementor-size-default\">QU\u00cdMICO<br>\nIND\u00daSTRIA<\/h1>\t\t\t\t<\/div>\n\t\t\t\t\t<\/div>\n\t\t<\/div>\n\t\t\t\t\t<\/div>\n\t\t<\/section>\n\t\t\t\t<section class=\"elementor-section elementor-top-section elementor-element elementor-element-3582778 elementor-section-full_width elementor-section-height-default elementor-section-height-default\" data-id=\"3582778\" data-element_type=\"section\" data-e-type=\"section\" data-settings=\"{&quot;ekit_has_onepagescroll_dot&quot;:&quot;yes&quot;}\">\n\t\t\t\t\t\t<div class=\"elementor-container elementor-column-gap-no\">\n\t\t\t\t\t<div class=\"elementor-column elementor-col-50 elementor-top-column elementor-element elementor-element-5cd3d35\" data-id=\"5cd3d35\" data-element_type=\"column\" data-e-type=\"column\">\n\t\t\t<div class=\"elementor-widget-wrap elementor-element-populated\">\n\t\t\t\t\t\t<div class=\"elementor-element elementor-element-744a9a3 elementor-widget elementor-widget-image\" data-id=\"744a9a3\" data-element_type=\"widget\" data-e-type=\"widget\" data-settings=\"{&quot;ekit_we_effect_on&quot;:&quot;none&quot;}\" data-widget_type=\"image.default\">\n\t\t\t\t\t\t\t\t\t\t\t\t\t\t\t<img fetchpriority=\"high\" decoding=\"async\" width=\"593\" height=\"395\" src=\"https:\/\/www.lansitec.com\/wp-content\/uploads\/2023\/02\/\u7f16\u7ec4-10.png\" class=\"attachment-large size-large wp-image-833\" alt=\"Caso de uso da ind\u00fastria qu\u00edmica\" srcset=\"https:\/\/www.lansitec.com\/wp-content\/uploads\/2023\/02\/\u7f16\u7ec4-10.png 593w, https:\/\/www.lansitec.com\/wp-content\/uploads\/2023\/02\/\u7f16\u7ec4-10-300x200.png 300w\" sizes=\"(max-width: 593px) 100vw, 593px\" title=\"\">\t\t\t\t\t\t\t\t\t\t\t\t\t\t\t<\/div>\n\t\t\t\t\t<\/div>\n\t\t<\/div>\n\t\t\t\t<div class=\"elementor-column elementor-col-50 elementor-top-column elementor-element elementor-element-43eaa8d\" data-id=\"43eaa8d\" data-element_type=\"column\" data-e-type=\"column\">\n\t\t\t<div class=\"elementor-widget-wrap elementor-element-populated\">\n\t\t\t\t\t\t<div class=\"elementor-element elementor-element-7479c88 elementor-widget elementor-widget-heading\" data-id=\"7479c88\" data-element_type=\"widget\" data-e-type=\"widget\" data-settings=\"{&quot;ekit_we_effect_on&quot;:&quot;none&quot;}\" data-widget_type=\"heading.default\">\n\t\t\t\t\t<h2 class=\"elementor-heading-title elementor-size-default\">Trabalhador de f\u00e1brica qu\u00edmica e rastreamento de ve\u00edculos<\/h2>\t\t\t\t<\/div>\n\t\t\t\t\t<\/div>\n\t\t<\/div>\n\t\t\t\t\t<\/div>\n\t\t<\/section>\n\t\t\t\t<section class=\"elementor-section elementor-top-section elementor-element elementor-element-65ea78f elementor-section-full_width elementor-hidden-desktop elementor-hidden-tablet elementor-section-height-default elementor-section-height-default\" data-id=\"65ea78f\" data-element_type=\"section\" data-e-type=\"section\" data-settings=\"{&quot;ekit_has_onepagescroll_dot&quot;:&quot;yes&quot;}\">\n\t\t\t\t\t\t<div class=\"elementor-container elementor-column-gap-no\">\n\t\t\t\t\t<div class=\"elementor-column elementor-col-50 elementor-top-column elementor-element elementor-element-2f58426\" data-id=\"2f58426\" data-element_type=\"column\" data-e-type=\"column\">\n\t\t\t<div class=\"elementor-widget-wrap elementor-element-populated\">\n\t\t\t\t\t\t<div class=\"elementor-element elementor-element-e8dfc74 elementor-widget elementor-widget-image\" data-id=\"e8dfc74\" data-element_type=\"widget\" data-e-type=\"widget\" data-settings=\"{&quot;ekit_we_effect_on&quot;:&quot;none&quot;}\" data-widget_type=\"image.default\">\n\t\t\t\t\t\t\t\t\t\t\t\t\t\t\t<img decoding=\"async\" width=\"593\" height=\"315\" src=\"https:\/\/www.lansitec.com\/wp-content\/uploads\/2023\/02\/\u7f16\u7ec4\u5907\u4efd.png\" class=\"attachment-large size-large wp-image-826\" alt=\"\u7f16\u7ec4\u5907\u4efd Caso de uso da ind\u00fastria qu\u00edmica\" srcset=\"https:\/\/www.lansitec.com\/wp-content\/uploads\/2023\/02\/\u7f16\u7ec4\u5907\u4efd.png 593w, https:\/\/www.lansitec.com\/wp-content\/uploads\/2023\/02\/\u7f16\u7ec4\u5907\u4efd-300x159.png 300w\" sizes=\"(max-width: 593px) 100vw, 593px\" title=\"\">\t\t\t\t\t\t\t\t\t\t\t\t\t\t\t<\/div>\n\t\t\t\t\t<\/div>\n\t\t<\/div>\n\t\t\t\t<div class=\"elementor-column elementor-col-50 elementor-top-column elementor-element elementor-element-433f830\" data-id=\"433f830\" data-element_type=\"column\" data-e-type=\"column\">\n\t\t\t<div class=\"elementor-widget-wrap elementor-element-populated\">\n\t\t\t\t\t\t<div class=\"elementor-element elementor-element-4909b7c elementor-widget elementor-widget-heading\" data-id=\"4909b7c\" data-element_type=\"widget\" data-e-type=\"widget\" data-settings=\"{&quot;ekit_we_effect_on&quot;:&quot;none&quot;}\" data-widget_type=\"heading.default\">\n\t\t\t\t\t<h2 class=\"elementor-heading-title elementor-size-default\">A\u00e7o Especial Dongfang<br>\nRastreamento de Inspetores<\/h2>\t\t\t\t<\/div>\n\t\t\t\t\t<\/div>\n\t\t<\/div>\n\t\t\t\t\t<\/div>\n\t\t<\/section>\n\t\t\t\t<section class=\"elementor-section elementor-top-section elementor-element elementor-element-168b622 elementor-section-full_width elementor-hidden-mobile elementor-section-height-default elementor-section-height-default\" data-id=\"168b622\" data-element_type=\"section\" data-e-type=\"section\" data-settings=\"{&quot;ekit_has_onepagescroll_dot&quot;:&quot;yes&quot;}\">\n\t\t\t\t\t\t<div class=\"elementor-container elementor-column-gap-no\">\n\t\t\t\t\t<div class=\"elementor-column elementor-col-50 elementor-top-column elementor-element elementor-element-e751981\" data-id=\"e751981\" data-element_type=\"column\" data-e-type=\"column\">\n\t\t\t<div class=\"elementor-widget-wrap elementor-element-populated\">\n\t\t\t\t\t\t<div class=\"elementor-element elementor-element-c2d1926 elementor-widget elementor-widget-heading\" data-id=\"c2d1926\" data-element_type=\"widget\" data-e-type=\"widget\" data-settings=\"{&quot;ekit_we_effect_on&quot;:&quot;none&quot;}\" data-widget_type=\"heading.default\">\n\t\t\t\t\t<h2 class=\"elementor-heading-title elementor-size-default\">A\u00e7o Especial Dongfang<br>\nRastreamento de Inspetores<\/h2>\t\t\t\t<\/div>\n\t\t\t\t\t<\/div>\n\t\t<\/div>\n\t\t\t\t<div class=\"elementor-column elementor-col-50 elementor-top-column elementor-element elementor-element-49b998d\" data-id=\"49b998d\" data-element_type=\"column\" data-e-type=\"column\">\n\t\t\t<div class=\"elementor-widget-wrap elementor-element-populated\">\n\t\t\t\t\t\t<div class=\"elementor-element elementor-element-e5fb2ad elementor-widget elementor-widget-image\" data-id=\"e5fb2ad\" data-element_type=\"widget\" data-e-type=\"widget\" data-settings=\"{&quot;ekit_we_effect_on&quot;:&quot;none&quot;}\" data-widget_type=\"image.default\">\n\t\t\t\t\t\t\t\t\t\t\t\t\t\t\t<img decoding=\"async\" width=\"593\" height=\"315\" src=\"https:\/\/www.lansitec.com\/wp-content\/uploads\/2023\/02\/\u7f16\u7ec4\u5907\u4efd.png\" class=\"attachment-large size-large wp-image-826\" alt=\"\u7f16\u7ec4\u5907\u4efd Caso de uso da ind\u00fastria qu\u00edmica\" srcset=\"https:\/\/www.lansitec.com\/wp-content\/uploads\/2023\/02\/\u7f16\u7ec4\u5907\u4efd.png 593w, https:\/\/www.lansitec.com\/wp-content\/uploads\/2023\/02\/\u7f16\u7ec4\u5907\u4efd-300x159.png 300w\" sizes=\"(max-width: 593px) 100vw, 593px\" title=\"\">\t\t\t\t\t\t\t\t\t\t\t\t\t\t\t<\/div>\n\t\t\t\t\t<\/div>\n\t\t<\/div>\n\t\t\t\t\t<\/div>\n\t\t<\/section>\n\t\t\t\t<section class=\"elementor-section elementor-top-section elementor-element elementor-element-3c9d25c elementor-section-full_width elementor-section-height-default elementor-section-height-default\" data-id=\"3c9d25c\" data-element_type=\"section\" data-e-type=\"section\" data-settings=\"{&quot;ekit_has_onepagescroll_dot&quot;:&quot;yes&quot;}\">\n\t\t\t\t\t\t<div class=\"elementor-container elementor-column-gap-no\">\n\t\t\t\t\t<div class=\"elementor-column elementor-col-50 elementor-top-column elementor-element elementor-element-95c8437\" data-id=\"95c8437\" data-element_type=\"column\" data-e-type=\"column\">\n\t\t\t<div class=\"elementor-widget-wrap elementor-element-populated\">\n\t\t\t\t\t\t<div class=\"elementor-element elementor-element-3f76dd2 elementor-widget elementor-widget-image\" data-id=\"3f76dd2\" data-element_type=\"widget\" data-e-type=\"widget\" data-settings=\"{&quot;ekit_we_effect_on&quot;:&quot;none&quot;}\" data-widget_type=\"image.default\">\n\t\t\t\t\t\t\t\t\t\t\t\t\t\t\t<img decoding=\"async\" width=\"594\" height=\"322\" src=\"https:\/\/www.lansitec.com\/wp-content\/uploads\/2023\/02\/\u7f16\u7ec4\u5907\u4efd-2.png\" class=\"attachment-large size-large wp-image-825\" alt=\"\u7f16\u7ec4\u5907\u4efd 2 Caso de uso Ind\u00fastria Qu\u00edmica\" srcset=\"https:\/\/www.lansitec.com\/wp-content\/uploads\/2023\/02\/\u7f16\u7ec4\u5907\u4efd-2.png 594w, https:\/\/www.lansitec.com\/wp-content\/uploads\/2023\/02\/\u7f16\u7ec4\u5907\u4efd-2-300x163.png 300w\" sizes=\"(max-width: 594px) 100vw, 594px\" title=\"\">\t\t\t\t\t\t\t\t\t\t\t\t\t\t\t<\/div>\n\t\t\t\t\t<\/div>\n\t\t<\/div>\n\t\t\t\t<div class=\"elementor-column elementor-col-50 elementor-top-column elementor-element elementor-element-38ccd92\" data-id=\"38ccd92\" data-element_type=\"column\" data-e-type=\"column\">\n\t\t\t<div class=\"elementor-widget-wrap elementor-element-populated\">\n\t\t\t\t\t\t<div class=\"elementor-element elementor-element-9594d72 elementor-widget elementor-widget-heading\" data-id=\"9594d72\" data-element_type=\"widget\" data-e-type=\"widget\" data-settings=\"{&quot;ekit_we_effect_on&quot;:&quot;none&quot;}\" data-widget_type=\"heading.default\">\n\t\t\t\t\t<h2 class=\"elementor-heading-title elementor-size-default\">Yangkuang sem trilhas<br>\nVe\u00edculo com pneus de borracha<\/h2>\t\t\t\t<\/div>\n\t\t\t\t\t<\/div>\n\t\t<\/div>\n\t\t\t\t\t<\/div>\n\t\t<\/section>\n\t\t\t\t<section class=\"elementor-section elementor-top-section elementor-element elementor-element-17dbf5e elementor-section-full_width elementor-hidden-desktop elementor-hidden-tablet elementor-section-height-default elementor-section-height-default\" data-id=\"17dbf5e\" data-element_type=\"section\" data-e-type=\"section\" data-settings=\"{&quot;ekit_has_onepagescroll_dot&quot;:&quot;yes&quot;}\">\n\t\t\t\t\t\t<div class=\"elementor-container elementor-column-gap-no\">\n\t\t\t\t\t<div class=\"elementor-column elementor-col-50 elementor-top-column elementor-element elementor-element-264e7c4\" data-id=\"264e7c4\" data-element_type=\"column\" data-e-type=\"column\">\n\t\t\t<div class=\"elementor-widget-wrap elementor-element-populated\">\n\t\t\t\t\t\t<div class=\"elementor-element elementor-element-ca7a935 elementor-widget elementor-widget-image\" data-id=\"ca7a935\" data-element_type=\"widget\" data-e-type=\"widget\" data-settings=\"{&quot;ekit_we_effect_on&quot;:&quot;none&quot;}\" data-widget_type=\"image.default\">\n\t\t\t\t\t\t\t\t\t\t\t\t\t\t\t<img loading=\"lazy\" decoding=\"async\" width=\"594\" height=\"318\" src=\"https:\/\/www.lansitec.com\/wp-content\/uploads\/2023\/02\/\u7f16\u7ec4-2-2.png\" class=\"attachment-large size-large wp-image-831\" alt=\"Conjunto 2 Caso de Uso Ind\u00fastria Qu\u00edmica\" srcset=\"https:\/\/www.lansitec.com\/wp-content\/uploads\/2023\/02\/\u7f16\u7ec4-2-2.png 594w, https:\/\/www.lansitec.com\/wp-content\/uploads\/2023\/02\/\u7f16\u7ec4-2-2-300x161.png 300w\" sizes=\"(max-width: 594px) 100vw, 594px\" title=\"\">\t\t\t\t\t\t\t\t\t\t\t\t\t\t\t<\/div>\n\t\t\t\t\t<\/div>\n\t\t<\/div>\n\t\t\t\t<div class=\"elementor-column elementor-col-50 elementor-top-column elementor-element elementor-element-44f6f1c\" data-id=\"44f6f1c\" data-element_type=\"column\" data-e-type=\"column\">\n\t\t\t<div class=\"elementor-widget-wrap elementor-element-populated\">\n\t\t\t\t\t\t<div class=\"elementor-element elementor-element-45758c2 elementor-widget elementor-widget-heading\" data-id=\"45758c2\" data-element_type=\"widget\" data-e-type=\"widget\" data-settings=\"{&quot;ekit_we_effect_on&quot;:&quot;none&quot;}\" data-widget_type=\"heading.default\">\n\t\t\t\t\t<h2 class=\"elementor-heading-title elementor-size-default\">Perfura\u00e7\u00e3o de Petr\u00f3leo CNOOC<br>\nRastreamento de trabalhadores da plataforma<\/h2>\t\t\t\t<\/div>\n\t\t\t\t\t<\/div>\n\t\t<\/div>\n\t\t\t\t\t<\/div>\n\t\t<\/section>\n\t\t\t\t<section class=\"elementor-section elementor-top-section elementor-element elementor-element-4815c4b elementor-section-full_width elementor-hidden-mobile elementor-section-height-default elementor-section-height-default\" data-id=\"4815c4b\" data-element_type=\"section\" data-e-type=\"section\" data-settings=\"{&quot;ekit_has_onepagescroll_dot&quot;:&quot;yes&quot;}\">\n\t\t\t\t\t\t<div class=\"elementor-container elementor-column-gap-no\">\n\t\t\t\t\t<div class=\"elementor-column elementor-col-50 elementor-top-column elementor-element elementor-element-f93a2cd\" data-id=\"f93a2cd\" data-element_type=\"column\" data-e-type=\"column\">\n\t\t\t<div class=\"elementor-widget-wrap elementor-element-populated\">\n\t\t\t\t\t\t<div class=\"elementor-element elementor-element-9731484 elementor-widget elementor-widget-heading\" data-id=\"9731484\" data-element_type=\"widget\" data-e-type=\"widget\" data-settings=\"{&quot;ekit_we_effect_on&quot;:&quot;none&quot;}\" data-widget_type=\"heading.default\">\n\t\t\t\t\t<h2 class=\"elementor-heading-title elementor-size-default\">Perfura\u00e7\u00e3o de Petr\u00f3leo CNOOC<br>\nRastreamento de trabalhadores da plataforma<\/h2>\t\t\t\t<\/div>\n\t\t\t\t\t<\/div>\n\t\t<\/div>\n\t\t\t\t<div class=\"elementor-column elementor-col-50 elementor-top-column elementor-element elementor-element-b7418bb\" data-id=\"b7418bb\" data-element_type=\"column\" data-e-type=\"column\">\n\t\t\t<div class=\"elementor-widget-wrap elementor-element-populated\">\n\t\t\t\t\t\t<div class=\"elementor-element elementor-element-49c678d elementor-widget elementor-widget-image\" data-id=\"49c678d\" data-element_type=\"widget\" data-e-type=\"widget\" data-settings=\"{&quot;ekit_we_effect_on&quot;:&quot;none&quot;}\" data-widget_type=\"image.default\">\n\t\t\t\t\t\t\t\t\t\t\t\t\t\t\t<img loading=\"lazy\" decoding=\"async\" width=\"594\" height=\"318\" src=\"https:\/\/www.lansitec.com\/wp-content\/uploads\/2023\/02\/\u7f16\u7ec4-2-2.png\" class=\"attachment-large size-large wp-image-831\" alt=\"Conjunto 2 Caso de Uso Ind\u00fastria Qu\u00edmica\" srcset=\"https:\/\/www.lansitec.com\/wp-content\/uploads\/2023\/02\/\u7f16\u7ec4-2-2.png 594w, https:\/\/www.lansitec.com\/wp-content\/uploads\/2023\/02\/\u7f16\u7ec4-2-2-300x161.png 300w\" sizes=\"(max-width: 594px) 100vw, 594px\" title=\"\">\t\t\t\t\t\t\t\t\t\t\t\t\t\t\t<\/div>\n\t\t\t\t\t<\/div>\n\t\t<\/div>\n\t\t\t\t\t<\/div>\n\t\t<\/section>\n\t\t\t\t<section class=\"elementor-section elementor-top-section elementor-element elementor-element-dbcf4a2 elementor-section-full_width elementor-section-height-default elementor-section-height-default\" data-id=\"dbcf4a2\" data-element_type=\"section\" data-e-type=\"section\" data-settings=\"{&quot;ekit_has_onepagescroll_dot&quot;:&quot;yes&quot;}\">\n\t\t\t\t\t\t<div class=\"elementor-container elementor-column-gap-no\">\n\t\t\t\t\t<div class=\"elementor-column elementor-col-50 elementor-top-column elementor-element elementor-element-b1269b7\" data-id=\"b1269b7\" data-element_type=\"column\" data-e-type=\"column\">\n\t\t\t<div class=\"elementor-widget-wrap elementor-element-populated\">\n\t\t\t\t\t\t<div class=\"elementor-element elementor-element-cb72267 elementor-widget elementor-widget-image\" data-id=\"cb72267\" data-element_type=\"widget\" data-e-type=\"widget\" data-settings=\"{&quot;ekit_we_effect_on&quot;:&quot;none&quot;}\" data-widget_type=\"image.default\">\n\t\t\t\t\t\t\t\t\t\t\t\t\t\t\t<img loading=\"lazy\" decoding=\"async\" width=\"593\" height=\"320\" src=\"https:\/\/www.lansitec.com\/wp-content\/uploads\/2023\/02\/\u7f16\u7ec4-3-1.png\" class=\"attachment-large size-large wp-image-832\" alt=\"Conjunto 3 Caso de Uso Ind\u00fastria Qu\u00edmica\" srcset=\"https:\/\/www.lansitec.com\/wp-content\/uploads\/2023\/02\/\u7f16\u7ec4-3-1.png 593w, https:\/\/www.lansitec.com\/wp-content\/uploads\/2023\/02\/\u7f16\u7ec4-3-1-300x162.png 300w\" sizes=\"(max-width: 593px) 100vw, 593px\" title=\"\">\t\t\t\t\t\t\t\t\t\t\t\t\t\t\t<\/div>\n\t\t\t\t\t<\/div>\n\t\t<\/div>\n\t\t\t\t<div class=\"elementor-column elementor-col-50 elementor-top-column elementor-element elementor-element-a084f7b\" data-id=\"a084f7b\" data-element_type=\"column\" data-e-type=\"column\">\n\t\t\t<div class=\"elementor-widget-wrap elementor-element-populated\">\n\t\t\t\t\t\t<div class=\"elementor-element elementor-element-f35a533 elementor-widget elementor-widget-heading\" data-id=\"f35a533\" data-element_type=\"widget\" data-e-type=\"widget\" data-settings=\"{&quot;ekit_we_effect_on&quot;:&quot;none&quot;}\" data-widget_type=\"heading.default\">\n\t\t\t\t\t<h2 class=\"elementor-heading-title elementor-size-default\">Posicionamento e controle remoto do cortador de carv\u00e3o Shanghai C-Power<\/h2>\t\t\t\t<\/div>\n\t\t\t\t\t<\/div>\n\t\t<\/div>\n\t\t\t\t\t<\/div>\n\t\t<\/section>\n\t\t\t\t<\/div>","protected":false},"excerpt":{"rendered":"<p>CASO DE USO IND\u00daSTRIA QU\u00cdMICA Rastreamento de trabalhadores e ve\u00edculos de f\u00e1brica qu\u00edmica Rastreamento de inspetores de a\u00e7o especial Dongfang Rastreamento de inspetores de a\u00e7o especial Dongfang Ve\u00edculo de pneu de borracha sem trilhos Yangkuang Rastreamento de trabalhadores da plataforma de perfura\u00e7\u00e3o de petr\u00f3leo CNOOC Rastreamento de trabalhadores da plataforma de perfura\u00e7\u00e3o de petr\u00f3leo CNOOC Posicionamento e controle remoto do cortador de carv\u00e3o C-Power Shanghai<\/p>","protected":false},"author":1,"featured_media":827,"parent":0,"menu_order":0,"comment_status":"closed","ping_status":"closed","template":"elementor_header_footer","meta":{"neve_meta_sidebar":"","neve_meta_container":"","neve_meta_enable_content_width":"","neve_meta_content_width":0,"neve_meta_title_alignment":"","neve_meta_author_avatar":"","neve_post_elements_order":"","neve_meta_disable_header":"","neve_meta_disable_footer":"","neve_meta_disable_title":"","footnotes":""},"class_list":["post-820","page","type-page","status-publish","has-post-thumbnail","hentry"],"_links":{"self":[{"href":"https:\/\/www.lansitec.com\/pt\/wp-json\/wp\/v2\/pages\/820","targetHints":{"allow":["GET"]}}],"collection":[{"href":"https:\/\/www.lansitec.com\/pt\/wp-json\/wp\/v2\/pages"}],"about":[{"href":"https:\/\/www.lansitec.com\/pt\/wp-json\/wp\/v2\/types\/page"}],"author":[{"embeddable":true,"href":"https:\/\/www.lansitec.com\/pt\/wp-json\/wp\/v2\/users\/1"}],"replies":[{"embeddable":true,"href":"https:\/\/www.lansitec.com\/pt\/wp-json\/wp\/v2\/comments?post=820"}],"version-history":[{"count":0,"href":"https:\/\/www.lansitec.com\/pt\/wp-json\/wp\/v2\/pages\/820\/revisions"}],"wp:featuredmedia":[{"embeddable":true,"href":"https:\/\/www.lansitec.com\/pt\/wp-json\/wp\/v2\/media\/827"}],"wp:attachment":[{"href":"https:\/\/www.lansitec.com\/pt\/wp-json\/wp\/v2\/media?parent=820"}],"curies":[{"name":"wp","href":"https:\/\/api.w.org\/{rel}","templated":true}]}}