{"id":904,"date":"2023-02-16T06:49:36","date_gmt":"2023-02-16T06:49:36","guid":{"rendered":"https:\/\/www.lansitec.com\/?page_id=904"},"modified":"2025-01-31T08:55:24","modified_gmt":"2025-01-31T08:55:24","slug":"qualifications","status":"publish","type":"page","link":"https:\/\/www.lansitec.com\/pt\/qualificacoes\/","title":{"rendered":"Qualifica\u00e7\u00f5es"},"content":{"rendered":"<div data-elementor-type=\"wp-page\" data-elementor-id=\"904\" class=\"elementor elementor-904\" data-elementor-post-type=\"page\">\n\t\t\t\t\t\t<section class=\"elementor-section elementor-top-section elementor-element elementor-element-14755bf elementor-section-boxed elementor-section-height-default elementor-section-height-default\" data-id=\"14755bf\" data-element_type=\"section\" data-e-type=\"section\" data-settings=\"{&quot;ekit_has_onepagescroll_dot&quot;:&quot;yes&quot;}\">\n\t\t\t\t\t\t<div class=\"elementor-container elementor-column-gap-default\">\n\t\t\t\t\t<div class=\"elementor-column elementor-col-100 elementor-top-column elementor-element elementor-element-c8c7591\" data-id=\"c8c7591\" data-element_type=\"column\" data-e-type=\"column\">\n\t\t\t<div class=\"elementor-widget-wrap elementor-element-populated\">\n\t\t\t\t\t\t<div class=\"elementor-element elementor-element-a184b4f elementor-widget elementor-widget-breadcrumbs\" data-id=\"a184b4f\" data-element_type=\"widget\" data-e-type=\"widget\" data-settings=\"{&quot;ekit_we_effect_on&quot;:&quot;none&quot;}\" data-widget_type=\"breadcrumbs.default\">\n\t\t\t\t<div class=\"elementor-widget-container\">\n\t\t\t\t\t<nav aria-label=\"migalhas de p\u00e3o\" class=\"rank-math-breadcrumb\"><p><span class=\"last\">Lar<\/span><\/p><\/nav>\t\t\t\t<\/div>\n\t\t\t\t<\/div>\n\t\t\t\t\t<\/div>\n\t\t<\/div>\n\t\t\t\t\t<\/div>\n\t\t<\/section>\n\t\t\t\t<section class=\"elementor-section elementor-top-section elementor-element elementor-element-bf7b060 elementor-section-stretched elementor-section-boxed elementor-section-height-default elementor-section-height-default\" data-id=\"bf7b060\" data-element_type=\"section\" data-e-type=\"section\" data-settings=\"{&quot;stretch_section&quot;:&quot;section-stretched&quot;,&quot;background_background&quot;:&quot;classic&quot;,&quot;ekit_has_onepagescroll_dot&quot;:&quot;yes&quot;}\">\n\t\t\t\t\t\t<div class=\"elementor-container elementor-column-gap-default\">\n\t\t\t\t\t<div class=\"elementor-column elementor-col-100 elementor-top-column elementor-element elementor-element-f7233cc\" data-id=\"f7233cc\" data-element_type=\"column\" data-e-type=\"column\" data-settings=\"{&quot;background_background&quot;:&quot;classic&quot;}\">\n\t\t\t<div class=\"elementor-widget-wrap elementor-element-populated\">\n\t\t\t\t\t\t<div class=\"elementor-element elementor-element-1639b32 elementor-widget elementor-widget-heading\" data-id=\"1639b32\" data-element_type=\"widget\" data-e-type=\"widget\" data-settings=\"{&quot;ekit_we_effect_on&quot;:&quot;none&quot;}\" data-widget_type=\"heading.default\">\n\t\t\t\t\t<h1 class=\"elementor-heading-title elementor-size-default\">Qualifica\u00e7\u00f5es<\/h1>\t\t\t\t<\/div>\n\t\t\t\t<div class=\"elementor-element elementor-element-8825f19 elementor-widget elementor-widget-text-editor\" data-id=\"8825f19\" data-element_type=\"widget\" data-e-type=\"widget\" data-settings=\"{&quot;ekit_we_effect_on&quot;:&quot;none&quot;}\" data-widget_type=\"text-editor.default\">\n\t\t\t\t\t\t\t\t\t<p>&#039;Somos certificados pelo Sistema de Gest\u00e3o da Qualidade ISO 9001:2015, temos parcerias com diversas plataformas de IoT e estamos em conformidade com CE, FCC e RCM.&#039;<\/p>\t\t\t\t\t\t\t\t<\/div>\n\t\t\t\t<section class=\"elementor-section elementor-inner-section elementor-element elementor-element-156efd2 elementor-section-boxed elementor-section-height-default elementor-section-height-default\" data-id=\"156efd2\" data-element_type=\"section\" data-e-type=\"section\" data-settings=\"{&quot;ekit_has_onepagescroll_dot&quot;:&quot;yes&quot;}\">\n\t\t\t\t\t\t<div class=\"elementor-container elementor-column-gap-default\">\n\t\t\t\t\t<div class=\"elementor-column elementor-col-33 elementor-inner-column elementor-element elementor-element-0080d20\" data-id=\"0080d20\" data-element_type=\"column\" data-e-type=\"column\">\n\t\t\t<div class=\"elementor-widget-wrap elementor-element-populated\">\n\t\t\t\t\t\t<div class=\"elementor-element elementor-element-a197884 elementor-widget elementor-widget-image\" data-id=\"a197884\" data-element_type=\"widget\" data-e-type=\"widget\" data-settings=\"{&quot;ekit_we_effect_on&quot;:&quot;none&quot;}\" data-widget_type=\"image.default\">\n\t\t\t\t\t\t\t\t\t\t\t\t\t\t\t\t<a href=\"https:\/\/www.lansitec.com\/wp-content\/uploads\/2023\/02\/ISO9001\u8bc1\u4e66_\u82f1\u6587\u7248.png\" data-elementor-open-lightbox=\"yes\" data-elementor-lightbox-title=\"ISO9001\u8bc1\u4e66_\u82f1\u6587\u7248\" data-e-action-hash=\"#elementor-action%3Aaction%3Dlightbox%26settings%3DeyJpZCI6OTA3LCJ1cmwiOiJodHRwczpcL1wvd3d3LmxhbnNpdGVjLmNvbVwvd3AtY29udGVudFwvdXBsb2Fkc1wvMjAyM1wvMDJcL0lTTzkwMDFcdThiYzFcdTRlNjZfXHU4MmYxXHU2NTg3XHU3MjQ4LnBuZyJ9\">\n\t\t\t\t\t\t\t<img fetchpriority=\"high\" decoding=\"async\" width=\"310\" height=\"426\" src=\"https:\/\/www.lansitec.com\/wp-content\/uploads\/2023\/02\/ISO9001\u8bc1\u4e66_\u82f1\u6587\u7248.png\" class=\"attachment-large size-large wp-image-907\" alt=\"ISO9001\u8bc1\u4e66_\u82f1\u6587\u7248\" srcset=\"https:\/\/www.lansitec.com\/wp-content\/uploads\/2023\/02\/ISO9001\u8bc1\u4e66_\u82f1\u6587\u7248.png 310w, https:\/\/www.lansitec.com\/wp-content\/uploads\/2023\/02\/ISO9001\u8bc1\u4e66_\u82f1\u6587\u7248-218x300.png 218w\" sizes=\"(max-width: 310px) 100vw, 310px\" title=\"\">\t\t\t\t\t\t\t\t<\/a>\n\t\t\t\t\t\t\t\t\t\t\t\t\t\t\t<\/div>\n\t\t\t\t\t<\/div>\n\t\t<\/div>\n\t\t\t\t<div class=\"elementor-column elementor-col-33 elementor-inner-column elementor-element elementor-element-ca649f0\" data-id=\"ca649f0\" data-element_type=\"column\" data-e-type=\"column\">\n\t\t\t<div class=\"elementor-widget-wrap elementor-element-populated\">\n\t\t\t\t\t\t<div class=\"elementor-element elementor-element-fc723a1 elementor-widget elementor-widget-image\" data-id=\"fc723a1\" data-element_type=\"widget\" data-e-type=\"widget\" data-settings=\"{&quot;ekit_we_effect_on&quot;:&quot;none&quot;}\" data-widget_type=\"image.default\">\n\t\t\t\t\t\t\t\t\t\t\t\t\t\t\t<img decoding=\"async\" width=\"310\" height=\"426\" src=\"https:\/\/www.lansitec.com\/wp-content\/uploads\/2023\/02\/\u91d1\u724c\u5408\u4f5c\u4f19\u4f34.png\" class=\"attachment-large size-large wp-image-911\" alt=\"\u91d1\u724c\u5408\u4f5c\u4f19\u4f34\" srcset=\"https:\/\/www.lansitec.com\/wp-content\/uploads\/2023\/02\/\u91d1\u724c\u5408\u4f5c\u4f19\u4f34.png 310w, https:\/\/www.lansitec.com\/wp-content\/uploads\/2023\/02\/\u91d1\u724c\u5408\u4f5c\u4f19\u4f34-218x300.png 218w\" sizes=\"(max-width: 310px) 100vw, 310px\" title=\"\">\t\t\t\t\t\t\t\t\t\t\t\t\t\t\t<\/div>\n\t\t\t\t\t<\/div>\n\t\t<\/div>\n\t\t\t\t<div class=\"elementor-column elementor-col-33 elementor-inner-column elementor-element elementor-element-4b1de6d\" data-id=\"4b1de6d\" data-element_type=\"column\" data-e-type=\"column\">\n\t\t\t<div class=\"elementor-widget-wrap elementor-element-populated\">\n\t\t\t\t\t\t<div class=\"elementor-element elementor-element-ceb2bb7 elementor-widget elementor-widget-image\" data-id=\"ceb2bb7\" data-element_type=\"widget\" data-e-type=\"widget\" data-settings=\"{&quot;ekit_we_effect_on&quot;:&quot;none&quot;}\" data-widget_type=\"image.default\">\n\t\t\t\t\t\t\t\t\t\t\t\t\t\t\t<img decoding=\"async\" width=\"310\" height=\"426\" src=\"https:\/\/www.lansitec.com\/wp-content\/uploads\/2023\/02\/421577675282_.pic_hd.png\" class=\"attachment-large size-large wp-image-913\" alt=\"421577675282_.pic_hd\" srcset=\"https:\/\/www.lansitec.com\/wp-content\/uploads\/2023\/02\/421577675282_.pic_hd.png 310w, https:\/\/www.lansitec.com\/wp-content\/uploads\/2023\/02\/421577675282_.pic_hd-218x300.png 218w\" sizes=\"(max-width: 310px) 100vw, 310px\" title=\"\">\t\t\t\t\t\t\t\t\t\t\t\t\t\t\t<\/div>\n\t\t\t\t\t<\/div>\n\t\t<\/div>\n\t\t\t\t\t<\/div>\n\t\t<\/section>\n\t\t\t\t<section class=\"elementor-section elementor-inner-section elementor-element elementor-element-c5311bc elementor-section-boxed elementor-section-height-default elementor-section-height-default\" data-id=\"c5311bc\" data-element_type=\"section\" data-e-type=\"section\" data-settings=\"{&quot;ekit_has_onepagescroll_dot&quot;:&quot;yes&quot;}\">\n\t\t\t\t\t\t<div class=\"elementor-container elementor-column-gap-default\">\n\t\t\t\t\t<div class=\"elementor-column elementor-col-33 elementor-inner-column elementor-element elementor-element-1182092\" data-id=\"1182092\" data-element_type=\"column\" data-e-type=\"column\">\n\t\t\t<div class=\"elementor-widget-wrap elementor-element-populated\">\n\t\t\t\t\t\t<div class=\"elementor-element elementor-element-6a12ab7 elementor-widget elementor-widget-image\" data-id=\"6a12ab7\" data-element_type=\"widget\" data-e-type=\"widget\" data-settings=\"{&quot;ekit_we_effect_on&quot;:&quot;none&quot;}\" data-widget_type=\"image.default\">\n\t\t\t\t\t\t\t\t\t\t\t\t\t\t\t<img loading=\"lazy\" decoding=\"async\" width=\"310\" height=\"426\" src=\"https:\/\/www.lansitec.com\/wp-content\/uploads\/2023\/02\/\u7f16\u7ec4-2-5.png\" class=\"attachment-large size-large wp-image-908\" alt=\"Cap\u00edtulo 2\" srcset=\"https:\/\/www.lansitec.com\/wp-content\/uploads\/2023\/02\/\u7f16\u7ec4-2-5.png 310w, https:\/\/www.lansitec.com\/wp-content\/uploads\/2023\/02\/\u7f16\u7ec4-2-5-218x300.png 218w\" sizes=\"(max-width: 310px) 100vw, 310px\" title=\"\">\t\t\t\t\t\t\t\t\t\t\t\t\t\t\t<\/div>\n\t\t\t\t\t<\/div>\n\t\t<\/div>\n\t\t\t\t<div class=\"elementor-column elementor-col-33 elementor-inner-column elementor-element elementor-element-6ea05a2\" data-id=\"6ea05a2\" data-element_type=\"column\" data-e-type=\"column\">\n\t\t\t<div class=\"elementor-widget-wrap elementor-element-populated\">\n\t\t\t\t\t\t<div class=\"elementor-element elementor-element-a4c2ab4 elementor-widget elementor-widget-image\" data-id=\"a4c2ab4\" data-element_type=\"widget\" data-e-type=\"widget\" data-settings=\"{&quot;ekit_we_effect_on&quot;:&quot;none&quot;}\" data-widget_type=\"image.default\">\n\t\t\t\t\t\t\t\t\t\t\t\t\t\t\t<img loading=\"lazy\" decoding=\"async\" width=\"310\" height=\"426\" src=\"https:\/\/www.lansitec.com\/wp-content\/uploads\/2023\/02\/\u7f16\u7ec4-2\u5907\u4efd.png\" class=\"attachment-large size-large wp-image-910\" alt=\"\u7f16\u7ec4 2\u5907\u4efd\" srcset=\"https:\/\/www.lansitec.com\/wp-content\/uploads\/2023\/02\/\u7f16\u7ec4-2\u5907\u4efd.png 310w, https:\/\/www.lansitec.com\/wp-content\/uploads\/2023\/02\/\u7f16\u7ec4-2\u5907\u4efd-218x300.png 218w\" sizes=\"(max-width: 310px) 100vw, 310px\" title=\"\">\t\t\t\t\t\t\t\t\t\t\t\t\t\t\t<\/div>\n\t\t\t\t\t<\/div>\n\t\t<\/div>\n\t\t\t\t<div class=\"elementor-column elementor-col-33 elementor-inner-column elementor-element elementor-element-e652c05\" data-id=\"e652c05\" data-element_type=\"column\" data-e-type=\"column\">\n\t\t\t<div class=\"elementor-widget-wrap elementor-element-populated\">\n\t\t\t\t\t\t<div class=\"elementor-element elementor-element-6a79045 elementor-widget elementor-widget-image\" data-id=\"6a79045\" data-element_type=\"widget\" data-e-type=\"widget\" data-settings=\"{&quot;ekit_we_effect_on&quot;:&quot;none&quot;}\" data-widget_type=\"image.default\">\n\t\t\t\t\t\t\t\t\t\t\t\t\t\t\t<img loading=\"lazy\" decoding=\"async\" width=\"310\" height=\"426\" src=\"https:\/\/www.lansitec.com\/wp-content\/uploads\/2023\/02\/\u7f16\u7ec4-2\u5907\u4efd-2.png\" class=\"attachment-large size-large wp-image-909\" alt=\"\u7f16\u7ec4 2\u5907\u4efd 2\" srcset=\"https:\/\/www.lansitec.com\/wp-content\/uploads\/2023\/02\/\u7f16\u7ec4-2\u5907\u4efd-2.png 310w, https:\/\/www.lansitec.com\/wp-content\/uploads\/2023\/02\/\u7f16\u7ec4-2\u5907\u4efd-2-218x300.png 218w\" sizes=\"(max-width: 310px) 100vw, 310px\" title=\"\">\t\t\t\t\t\t\t\t\t\t\t\t\t\t\t<\/div>\n\t\t\t\t\t<\/div>\n\t\t<\/div>\n\t\t\t\t\t<\/div>\n\t\t<\/section>\n\t\t\t\t<section class=\"elementor-section elementor-inner-section elementor-element elementor-element-36d9e48 elementor-section-boxed elementor-section-height-default elementor-section-height-default\" data-id=\"36d9e48\" data-element_type=\"section\" data-e-type=\"section\" data-settings=\"{&quot;ekit_has_onepagescroll_dot&quot;:&quot;yes&quot;}\">\n\t\t\t\t\t\t<div class=\"elementor-container elementor-column-gap-default\">\n\t\t\t\t\t<div class=\"elementor-column elementor-col-100 elementor-inner-column elementor-element elementor-element-2e2fd44\" data-id=\"2e2fd44\" data-element_type=\"column\" data-e-type=\"column\">\n\t\t\t<div class=\"elementor-widget-wrap elementor-element-populated\">\n\t\t\t\t\t\t<div class=\"elementor-element elementor-element-aecec6b elementor-widget elementor-widget-image\" data-id=\"aecec6b\" data-element_type=\"widget\" data-e-type=\"widget\" data-settings=\"{&quot;ekit_we_effect_on&quot;:&quot;none&quot;}\" data-widget_type=\"image.default\">\n\t\t\t\t\t\t\t\t\t\t\t\t\t\t\t<img loading=\"lazy\" decoding=\"async\" width=\"534\" height=\"348\" src=\"https:\/\/www.lansitec.com\/wp-content\/uploads\/2023\/02\/\u9ad8\u4f01\u8ba4\u8bc1.png\" class=\"attachment-large size-large wp-image-912\" alt=\"\u9ad8\u4f01\u8ba4\u8bc1\" srcset=\"https:\/\/www.lansitec.com\/wp-content\/uploads\/2023\/02\/\u9ad8\u4f01\u8ba4\u8bc1.png 534w, https:\/\/www.lansitec.com\/wp-content\/uploads\/2023\/02\/\u9ad8\u4f01\u8ba4\u8bc1-300x196.png 300w\" sizes=\"(max-width: 534px) 100vw, 534px\" title=\"\">\t\t\t\t\t\t\t\t\t\t\t\t\t\t\t<\/div>\n\t\t\t\t\t<\/div>\n\t\t<\/div>\n\t\t\t\t\t<\/div>\n\t\t<\/section>\n\t\t\t\t\t<\/div>\n\t\t<\/div>\n\t\t\t\t\t<\/div>\n\t\t<\/section>\n\t\t\t\t<\/div>","protected":false},"excerpt":{"rendered":"<p>Qualifica\u00e7\u00f5es &#039;Somos certificados pelo Sistema de Gest\u00e3o da Qualidade ISO 9001:2015, temos parcerias com diversas plataformas de IoT e estamos em conformidade com CE, FCC e RCM.&#039;<\/p>","protected":false},"author":1,"featured_media":0,"parent":0,"menu_order":0,"comment_status":"closed","ping_status":"closed","template":"elementor_header_footer","meta":{"neve_meta_sidebar":"","neve_meta_container":"","neve_meta_enable_content_width":"","neve_meta_content_width":0,"neve_meta_title_alignment":"","neve_meta_author_avatar":"","neve_post_elements_order":"","neve_meta_disable_header":"","neve_meta_disable_footer":"","neve_meta_disable_title":"","footnotes":""},"class_list":["post-904","page","type-page","status-publish","hentry"],"_links":{"self":[{"href":"https:\/\/www.lansitec.com\/pt\/wp-json\/wp\/v2\/pages\/904","targetHints":{"allow":["GET"]}}],"collection":[{"href":"https:\/\/www.lansitec.com\/pt\/wp-json\/wp\/v2\/pages"}],"about":[{"href":"https:\/\/www.lansitec.com\/pt\/wp-json\/wp\/v2\/types\/page"}],"author":[{"embeddable":true,"href":"https:\/\/www.lansitec.com\/pt\/wp-json\/wp\/v2\/users\/1"}],"replies":[{"embeddable":true,"href":"https:\/\/www.lansitec.com\/pt\/wp-json\/wp\/v2\/comments?post=904"}],"version-history":[{"count":0,"href":"https:\/\/www.lansitec.com\/pt\/wp-json\/wp\/v2\/pages\/904\/revisions"}],"wp:attachment":[{"href":"https:\/\/www.lansitec.com\/pt\/wp-json\/wp\/v2\/media?parent=904"}],"curies":[{"name":"wp","href":"https:\/\/api.w.org\/{rel}","templated":true}]}}